{"id":14788,"date":"2025-05-15T08:54:59","date_gmt":"2025-05-15T08:54:59","guid":{"rendered":"https:\/\/www.emanegoce.com\/contacto-nuevo\/"},"modified":"2025-05-15T09:00:46","modified_gmt":"2025-05-15T09:00:46","slug":"contacto-nuevo","status":"publish","type":"page","link":"https:\/\/www.emanegoce.com\/es\/contacto-nuevo\/","title":{"rendered":"Contacto (nuevo)"},"content":{"rendered":"<p>[et_pb_section fb_built=&#8221;1&#8243; _builder_version=&#8221;3.0.83&#8243; background_image=&#8221;http:\/\/www.emanegoce.com\/wp-content\/uploads\/beau-lever-de-soleil-et-filets-de-peche-a-pakpra-a-phatthalung-thailande-scaled.jpg&#8221;][et_pb_row use_custom_width=&#8221;on&#8221; custom_width_px=&#8221;1284px&#8221; custom_padding=&#8221;20px|20px|48px|20px&#8221; custom_margin=&#8221;|||&#8221; make_equal=&#8221;on&#8221; module_class=&#8221;boite-arrondie&#8221; _builder_version=&#8221;3.0.83&#8243; module_alignment=&#8221;center&#8221; custom_margin_last_edited=&#8221;off|desktop&#8221; box_shadow_style=&#8221;preset1&#8243;][et_pb_column type=&#8221;1_2&#8243; _builder_version=&#8221;3.0.83&#8243; parallax=&#8221;off&#8221; parallax_method=&#8221;on&#8221;][et_pb_text _builder_version=&#8221;3.0.83&#8243; header_font=&#8221;Poppins||||||||&#8221;]<\/p>\n<h1>Cont\u00e1ctenos<\/h1>\n<p>[\/et_pb_text][et_pb_contact_form email=&#8221;ema@emanegoce.com&#8221; custom_message=&#8221;Nuevo mensaje desde el sitio&#8221; success_message=&#8221;\u00a1Gracias, su mensaje ha sido enviado correctamente!&#8221; disabled_on=&#8221;off|off|off&#8221; module_id=&#8221;et_pb_contact_form_0&#8243; module_class=&#8221;form-modern&#8221; _builder_version=&#8221;3.0.83&#8243; form_field_font=&#8221;Poppins||||||||&#8221; form_field_font_size=&#8221;13px&#8221; form_field_text_color=&#8221;#0c0c0c&#8221;][et_pb_contact_field field_id=&#8221;Soci\u00e9t\u00e9&#8221; field_title=&#8221;Empresa&#8221; _builder_version=&#8221;3.0.83&#8243;][\/et_pb_contact_field][et_pb_contact_field field_id=&#8221;Nom_Pr\u00e9nom&#8221; field_title=&#8221;Nombre Apellido&#8221; _builder_version=&#8221;3.0.83&#8243;][\/et_pb_contact_field][et_pb_contact_field field_id=&#8221;T\u00e9l\u00e9phone&#8221; field_title=&#8221;Tel\u00e9fono&#8221; fullwidth_field=&#8221;on&#8221; _builder_version=&#8221;3.0.83&#8243;][\/et_pb_contact_field][et_pb_contact_field field_id=&#8221;Email&#8221; field_title=&#8221;Correo electr\u00f3nico&#8221; field_type=&#8221;email&#8221; fullwidth_field=&#8221;on&#8221; _builder_version=&#8221;3.0.83&#8243;][\/et_pb_contact_field][et_pb_contact_field field_id=&#8221;Message&#8221; field_title=&#8221;Mensaje&#8221; field_type=&#8221;text&#8221; fullwidth_field=&#8221;on&#8221; _builder_version=&#8221;3.0.47&#8243;][\/et_pb_contact_field][\/et_pb_contact_form][\/et_pb_column][et_pb_column type=&#8221;1_2&#8243; _builder_version=&#8221;3.0.83&#8243; parallax=&#8221;off&#8221; parallax_method=&#8221;on&#8221;][et_pb_divider height=&#8221;79px&#8221; _builder_version=&#8221;3.0.83&#8243; max_width=&#8221;0%&#8221;][\/et_pb_divider][et_pb_blurb title=&#8221;ema@emanegoce.com&#8221; use_icon=&#8221;on&#8221; font_icon=&#8221;%%238%%&#8221; icon_placement=&#8221;left&#8221; content_max_width=&#8221;549px&#8221; disabled_on=&#8221;off|off|off&#8221; _builder_version=&#8221;3.0.83&#8243; header_font=&#8221;Poppins||||||||&#8221; header_text_color=&#8221;#0c0c0c&#8221; body_font=&#8221;||||||||&#8221; use_border_color=&#8221;on&#8221; border_width=&#8221;0px&#8221; border_style=&#8221;dotted&#8221;][\/et_pb_blurb][et_pb_blurb title=&#8221;00 33 1 82 91 00 24&#8243; use_icon=&#8221;on&#8221; font_icon=&#8221;%%264%%&#8221; icon_placement=&#8221;left&#8221; _builder_version=&#8221;3.0.83&#8243; header_font=&#8221;Poppins||||||||&#8221; header_text_color=&#8221;#0c0c0c&#8221;][\/et_pb_blurb][et_pb_blurb title=&#8221;1 Bis avenue de Saint Cloud&#8221; use_icon=&#8221;on&#8221; font_icon=&#8221;%%249%%&#8221; icon_placement=&#8221;left&#8221; _builder_version=&#8221;3.0.83&#8243; header_font=&#8221;Poppins||||||||&#8221; header_text_color=&#8221;#0c0c0c&#8221;][\/et_pb_blurb][et_pb_blurb title=&#8221;Entrega por contenedor&#8221; use_icon=&#8221;on&#8221; font_icon=&#8221;%%252%%&#8221; icon_placement=&#8221;left&#8221; _builder_version=&#8221;3.0.83&#8243; header_font=&#8221;Poppins||||||||&#8221; header_text_color=&#8221;#0c0c0c&#8221;]<\/p>\n<h5>T\u00e9l: 00 33 1 82 91 00 24<\/h5>\n<p>[\/et_pb_blurb][et_pb_blurb title=&#8221;Entrega de palets en Francia&#8221; use_icon=&#8221;on&#8221; font_icon=&#8221;%%206%%&#8221; icon_placement=&#8221;left&#8221; _builder_version=&#8221;3.0.83&#8243; header_font=&#8221;Poppins||||||||&#8221; header_text_color=&#8221;#0c0c0c&#8221;]<\/p>\n<h5>T\u00e9l: 00 33 1 82 91 00 81<\/h5>\n<p>[\/et_pb_blurb][\/et_pb_column][\/et_pb_row][et_pb_row _builder_version=&#8221;3.0.83&#8243;][et_pb_column type=&#8221;4_4&#8243; _builder_version=&#8221;3.0.83&#8243; parallax=&#8221;off&#8221; parallax_method=&#8221;on&#8221;][et_pb_code _builder_version=&#8221;3.0.83&#8243;]&lt;div style=&quot;border-radius:24px; overflow:hidden; box-shadow: 0 8px 24px rgba(0,0,0,0.1); max-width:100%;&quot;&gt;&lt;!&#8211; [et_pb_line_break_holder] &#8211;&gt;  &lt;iframe &lt;!&#8211; [et_pb_line_break_holder] &#8211;&gt;    src=&quot;https:\/\/www.google.com\/maps\/embed?pb=!1m18!1m12!1m3!1d2627.7817197137138!2d2.125217076879524!3d48.80514450445151!2m3!1f0!2f0!3f0!3m2!1i1024!2i768!4f13.1!3m3!1m2!1s0x47e67dbbc760b5e3%3A0x51593b61eac02831!2sEma%20N%C3%A9goce!5e0!3m2!1sfr!2sfr!4v1745574095598!5m2!1sfr!2sfr&quot; &lt;!&#8211; [et_pb_line_break_holder] &#8211;&gt;    width=&quot;100%&quot; &lt;!&#8211; [et_pb_line_break_holder] &#8211;&gt;    height=&quot;350&quot; &lt;!&#8211; [et_pb_line_break_holder] &#8211;&gt;    style=&quot;border:0;&quot; &lt;!&#8211; [et_pb_line_break_holder] &#8211;&gt;    allowfullscreen=&quot;&quot; &lt;!&#8211; [et_pb_line_break_holder] &#8211;&gt;    loading=&quot;lazy&quot; &lt;!&#8211; [et_pb_line_break_holder] &#8211;&gt;    referrerpolicy=&quot;no-referrer-when-downgrade&quot;&gt;&lt;!&#8211; [et_pb_line_break_holder] &#8211;&gt;  &lt;\/iframe&gt;&lt;!&#8211; [et_pb_line_break_holder] &#8211;&gt;&lt;\/div&gt;&lt;!&#8211; [et_pb_line_break_holder] &#8211;&gt;[\/et_pb_code][\/et_pb_column][\/et_pb_row][\/et_pb_section]<\/p>\n","protected":false},"excerpt":{"rendered":"<p>[et_pb_section fb_built=&#8221;1&#8243; _builder_version=&#8221;3.0.83&#8243; background_image=&#8221;http:\/\/www.emanegoce.com\/wp-content\/uploads\/beau-lever-de-soleil-et-filets-de-peche-a-pakpra-a-phatthalung-thailande-scaled.jpg&#8221;][et_pb_row use_custom_width=&#8221;on&#8221; custom_width_px=&#8221;1284px&#8221; custom_padding=&#8221;20px|20px|48px|20px&#8221; custom_margin=&#8221;|||&#8221; make_equal=&#8221;on&#8221; module_class=&#8221;boite-arrondie&#8221; _builder_version=&#8221;3.0.83&#8243; module_alignment=&#8221;center&#8221; custom_margin_last_edited=&#8221;off|desktop&#8221; box_shadow_style=&#8221;preset1&#8243;][et_pb_column type=&#8221;1_2&#8243; _builder_version=&#8221;3.0.83&#8243; parallax=&#8221;off&#8221; parallax_method=&#8221;on&#8221;][et_pb_text _builder_version=&#8221;3.0.83&#8243; header_font=&#8221;Poppins||||||||&#8221;] Cont\u00e1ctenos [\/et_pb_text][et_pb_contact_form email=&#8221;ema@emanegoce.com&#8221; custom_message=&#8221;Nuevo mensaje desde el sitio&#8221; success_message=&#8221;\u00a1Gracias, su mensaje ha sido enviado correctamente!&#8221; disabled_on=&#8221;off|off|off&#8221; module_id=&#8221;et_pb_contact_form_0&#8243; module_class=&#8221;form-modern&#8221; _builder_version=&#8221;3.0.83&#8243; form_field_font=&#8221;Poppins||||||||&#8221; form_field_font_size=&#8221;13px&#8221; form_field_text_color=&#8221;#0c0c0c&#8221;][et_pb_contact_field field_id=&#8221;Soci\u00e9t\u00e9&#8221; field_title=&#8221;Empresa&#8221; _builder_version=&#8221;3.0.83&#8243;][\/et_pb_contact_field][et_pb_contact_field field_id=&#8221;Nom_Pr\u00e9nom&#8221; field_title=&#8221;Nombre Apellido&#8221; _builder_version=&#8221;3.0.83&#8243;][\/et_pb_contact_field][et_pb_contact_field field_id=&#8221;T\u00e9l\u00e9phone&#8221; field_title=&#8221;Tel\u00e9fono&#8221; fullwidth_field=&#8221;on&#8221; _builder_version=&#8221;3.0.83&#8243;][\/et_pb_contact_field][et_pb_contact_field field_id=&#8221;Email&#8221; field_title=&#8221;Correo [&hellip;]<\/p>\n","protected":false},"author":4,"featured_media":0,"parent":0,"menu_order":0,"comment_status":"closed","ping_status":"closed","template":"","meta":{"footnotes":""},"class_list":["post-14788","page","type-page","status-publish","hentry"],"yoast_head":"<!-- This site is optimized with the Yoast SEO plugin v25.3.1 - https:\/\/yoast.com\/wordpress\/plugins\/seo\/ -->\n<title>Contacto (nuevo) - EMA NEGOCE<\/title>\n<meta name=\"robots\" content=\"index, follow, max-snippet:-1, max-image-preview:large, max-video-preview:-1\" \/>\n<link rel=\"canonical\" href=\"https:\/\/www.emanegoce.com\/contact-2\/\" \/>\n<meta property=\"og:locale\" content=\"es_ES\" \/>\n<meta property=\"og:type\" content=\"article\" \/>\n<meta property=\"og:title\" content=\"Contacto (nuevo) - EMA NEGOCE\" \/>\n<meta property=\"og:description\" content=\"[et_pb_section fb_built=&#8221;1&#8243; _builder_version=&#8221;3.0.83&#8243; background_image=&#8221;http:\/\/www.emanegoce.com\/wp-content\/uploads\/beau-lever-de-soleil-et-filets-de-peche-a-pakpra-a-phatthalung-thailande-scaled.jpg&#8221;][et_pb_row use_custom_width=&#8221;on&#8221; custom_width_px=&#8221;1284px&#8221; custom_padding=&#8221;20px|20px|48px|20px&#8221; custom_margin=&#8221;|||&#8221; make_equal=&#8221;on&#8221; module_class=&#8221;boite-arrondie&#8221; _builder_version=&#8221;3.0.83&#8243; module_alignment=&#8221;center&#8221; custom_margin_last_edited=&#8221;off|desktop&#8221; box_shadow_style=&#8221;preset1&#8243;][et_pb_column type=&#8221;1_2&#8243; _builder_version=&#8221;3.0.83&#8243; parallax=&#8221;off&#8221; parallax_method=&#8221;on&#8221;][et_pb_text _builder_version=&#8221;3.0.83&#8243; header_font=&#8221;Poppins||||||||&#8221;] Cont\u00e1ctenos [\/et_pb_text][et_pb_contact_form email=&#8221;ema@emanegoce.com&#8221; custom_message=&#8221;Nuevo mensaje desde el sitio&#8221; success_message=&#8221;\u00a1Gracias, su mensaje ha sido enviado correctamente!&#8221; disabled_on=&#8221;off|off|off&#8221; module_id=&#8221;et_pb_contact_form_0&#8243; module_class=&#8221;form-modern&#8221; _builder_version=&#8221;3.0.83&#8243; form_field_font=&#8221;Poppins||||||||&#8221; form_field_font_size=&#8221;13px&#8221; form_field_text_color=&#8221;#0c0c0c&#8221;][et_pb_contact_field field_id=&#8221;Soci\u00e9t\u00e9&#8221; field_title=&#8221;Empresa&#8221; _builder_version=&#8221;3.0.83&#8243;][\/et_pb_contact_field][et_pb_contact_field field_id=&#8221;Nom_Pr\u00e9nom&#8221; field_title=&#8221;Nombre Apellido&#8221; _builder_version=&#8221;3.0.83&#8243;][\/et_pb_contact_field][et_pb_contact_field field_id=&#8221;T\u00e9l\u00e9phone&#8221; field_title=&#8221;Tel\u00e9fono&#8221; fullwidth_field=&#8221;on&#8221; _builder_version=&#8221;3.0.83&#8243;][\/et_pb_contact_field][et_pb_contact_field field_id=&#8221;Email&#8221; field_title=&#8221;Correo [&hellip;]\" \/>\n<meta property=\"og:url\" content=\"https:\/\/www.emanegoce.com\/contact-2\/\" \/>\n<meta property=\"og:site_name\" content=\"EMA NEGOCE\" \/>\n<meta property=\"article:modified_time\" content=\"2025-05-15T09:00:46+00:00\" \/>\n<meta name=\"twitter:card\" content=\"summary_large_image\" \/>\n<meta name=\"twitter:label1\" content=\"Est. reading time\" \/>\n\t<meta name=\"twitter:data1\" content=\"3 minutes\" \/>\n<script type=\"application\/ld+json\" class=\"yoast-schema-graph\">{\"@context\":\"https:\/\/schema.org\",\"@graph\":[{\"@type\":\"WebPage\",\"@id\":\"https:\/\/www.emanegoce.com\/contact-2\/\",\"url\":\"https:\/\/www.emanegoce.com\/contact-2\/\",\"name\":\"Contacto (nuevo) - EMA NEGOCE\",\"isPartOf\":{\"@id\":\"https:\/\/www.emanegoce.com\/#website\"},\"datePublished\":\"2025-05-15T08:54:59+00:00\",\"dateModified\":\"2025-05-15T09:00:46+00:00\",\"breadcrumb\":{\"@id\":\"https:\/\/www.emanegoce.com\/contact-2\/#breadcrumb\"},\"inLanguage\":\"es-ES\",\"potentialAction\":[{\"@type\":\"ReadAction\",\"target\":[\"https:\/\/www.emanegoce.com\/contact-2\/\"]}]},{\"@type\":\"BreadcrumbList\",\"@id\":\"https:\/\/www.emanegoce.com\/contact-2\/#breadcrumb\",\"itemListElement\":[{\"@type\":\"ListItem\",\"position\":1,\"name\":\"Accueil\",\"item\":\"https:\/\/www.emanegoce.com\/es\/\"},{\"@type\":\"ListItem\",\"position\":2,\"name\":\"Contacto (nuevo)\"}]},{\"@type\":\"WebSite\",\"@id\":\"https:\/\/www.emanegoce.com\/#website\",\"url\":\"https:\/\/www.emanegoce.com\/\",\"name\":\"EMA NEGOCE\",\"description\":\"Soci\u00e9t\u00e9 D\u2019IMPORT \u2013 EXPORT\",\"publisher\":{\"@id\":\"https:\/\/www.emanegoce.com\/#organization\"},\"potentialAction\":[{\"@type\":\"SearchAction\",\"target\":{\"@type\":\"EntryPoint\",\"urlTemplate\":\"https:\/\/www.emanegoce.com\/?s={search_term_string}\"},\"query-input\":{\"@type\":\"PropertyValueSpecification\",\"valueRequired\":true,\"valueName\":\"search_term_string\"}}],\"inLanguage\":\"es-ES\"},{\"@type\":\"Organization\",\"@id\":\"https:\/\/www.emanegoce.com\/#organization\",\"name\":\"EMA NEGOCE\",\"alternateName\":\"Ema\",\"url\":\"https:\/\/www.emanegoce.com\/\",\"logo\":{\"@type\":\"ImageObject\",\"inLanguage\":\"es-ES\",\"@id\":\"https:\/\/www.emanegoce.com\/#\/schema\/logo\/image\/\",\"url\":\"https:\/\/www.emanegoce.com\/wp-content\/uploads\/2017\/07\/EMA_negoce-logo.png\",\"contentUrl\":\"https:\/\/www.emanegoce.com\/wp-content\/uploads\/2017\/07\/EMA_negoce-logo.png\",\"width\":500,\"height\":292,\"caption\":\"EMA NEGOCE\"},\"image\":{\"@id\":\"https:\/\/www.emanegoce.com\/#\/schema\/logo\/image\/\"}}]}<\/script>\n<!-- \/ Yoast SEO plugin. -->","yoast_head_json":{"title":"Contacto (nuevo) - EMA NEGOCE","robots":{"index":"index","follow":"follow","max-snippet":"max-snippet:-1","max-image-preview":"max-image-preview:large","max-video-preview":"max-video-preview:-1"},"canonical":"https:\/\/www.emanegoce.com\/contact-2\/","og_locale":"es_ES","og_type":"article","og_title":"Contacto (nuevo) - EMA NEGOCE","og_description":"[et_pb_section fb_built=&#8221;1&#8243; _builder_version=&#8221;3.0.83&#8243; background_image=&#8221;http:\/\/www.emanegoce.com\/wp-content\/uploads\/beau-lever-de-soleil-et-filets-de-peche-a-pakpra-a-phatthalung-thailande-scaled.jpg&#8221;][et_pb_row use_custom_width=&#8221;on&#8221; custom_width_px=&#8221;1284px&#8221; custom_padding=&#8221;20px|20px|48px|20px&#8221; custom_margin=&#8221;|||&#8221; make_equal=&#8221;on&#8221; module_class=&#8221;boite-arrondie&#8221; _builder_version=&#8221;3.0.83&#8243; module_alignment=&#8221;center&#8221; custom_margin_last_edited=&#8221;off|desktop&#8221; box_shadow_style=&#8221;preset1&#8243;][et_pb_column type=&#8221;1_2&#8243; _builder_version=&#8221;3.0.83&#8243; parallax=&#8221;off&#8221; parallax_method=&#8221;on&#8221;][et_pb_text _builder_version=&#8221;3.0.83&#8243; header_font=&#8221;Poppins||||||||&#8221;] Cont\u00e1ctenos [\/et_pb_text][et_pb_contact_form email=&#8221;ema@emanegoce.com&#8221; custom_message=&#8221;Nuevo mensaje desde el sitio&#8221; success_message=&#8221;\u00a1Gracias, su mensaje ha sido enviado correctamente!&#8221; disabled_on=&#8221;off|off|off&#8221; module_id=&#8221;et_pb_contact_form_0&#8243; module_class=&#8221;form-modern&#8221; _builder_version=&#8221;3.0.83&#8243; form_field_font=&#8221;Poppins||||||||&#8221; form_field_font_size=&#8221;13px&#8221; form_field_text_color=&#8221;#0c0c0c&#8221;][et_pb_contact_field field_id=&#8221;Soci\u00e9t\u00e9&#8221; field_title=&#8221;Empresa&#8221; _builder_version=&#8221;3.0.83&#8243;][\/et_pb_contact_field][et_pb_contact_field field_id=&#8221;Nom_Pr\u00e9nom&#8221; field_title=&#8221;Nombre Apellido&#8221; _builder_version=&#8221;3.0.83&#8243;][\/et_pb_contact_field][et_pb_contact_field field_id=&#8221;T\u00e9l\u00e9phone&#8221; field_title=&#8221;Tel\u00e9fono&#8221; fullwidth_field=&#8221;on&#8221; _builder_version=&#8221;3.0.83&#8243;][\/et_pb_contact_field][et_pb_contact_field field_id=&#8221;Email&#8221; field_title=&#8221;Correo [&hellip;]","og_url":"https:\/\/www.emanegoce.com\/contact-2\/","og_site_name":"EMA NEGOCE","article_modified_time":"2025-05-15T09:00:46+00:00","twitter_card":"summary_large_image","twitter_misc":{"Est. reading time":"3 minutes"},"schema":{"@context":"https:\/\/schema.org","@graph":[{"@type":"WebPage","@id":"https:\/\/www.emanegoce.com\/contact-2\/","url":"https:\/\/www.emanegoce.com\/contact-2\/","name":"Contacto (nuevo) - EMA NEGOCE","isPartOf":{"@id":"https:\/\/www.emanegoce.com\/#website"},"datePublished":"2025-05-15T08:54:59+00:00","dateModified":"2025-05-15T09:00:46+00:00","breadcrumb":{"@id":"https:\/\/www.emanegoce.com\/contact-2\/#breadcrumb"},"inLanguage":"es-ES","potentialAction":[{"@type":"ReadAction","target":["https:\/\/www.emanegoce.com\/contact-2\/"]}]},{"@type":"BreadcrumbList","@id":"https:\/\/www.emanegoce.com\/contact-2\/#breadcrumb","itemListElement":[{"@type":"ListItem","position":1,"name":"Accueil","item":"https:\/\/www.emanegoce.com\/es\/"},{"@type":"ListItem","position":2,"name":"Contacto (nuevo)"}]},{"@type":"WebSite","@id":"https:\/\/www.emanegoce.com\/#website","url":"https:\/\/www.emanegoce.com\/","name":"EMA NEGOCE","description":"Soci\u00e9t\u00e9 D\u2019IMPORT \u2013 EXPORT","publisher":{"@id":"https:\/\/www.emanegoce.com\/#organization"},"potentialAction":[{"@type":"SearchAction","target":{"@type":"EntryPoint","urlTemplate":"https:\/\/www.emanegoce.com\/?s={search_term_string}"},"query-input":{"@type":"PropertyValueSpecification","valueRequired":true,"valueName":"search_term_string"}}],"inLanguage":"es-ES"},{"@type":"Organization","@id":"https:\/\/www.emanegoce.com\/#organization","name":"EMA NEGOCE","alternateName":"Ema","url":"https:\/\/www.emanegoce.com\/","logo":{"@type":"ImageObject","inLanguage":"es-ES","@id":"https:\/\/www.emanegoce.com\/#\/schema\/logo\/image\/","url":"https:\/\/www.emanegoce.com\/wp-content\/uploads\/2017\/07\/EMA_negoce-logo.png","contentUrl":"https:\/\/www.emanegoce.com\/wp-content\/uploads\/2017\/07\/EMA_negoce-logo.png","width":500,"height":292,"caption":"EMA NEGOCE"},"image":{"@id":"https:\/\/www.emanegoce.com\/#\/schema\/logo\/image\/"}}]}},"_links":{"self":[{"href":"https:\/\/www.emanegoce.com\/es\/wp-json\/wp\/v2\/pages\/14788","targetHints":{"allow":["GET"]}}],"collection":[{"href":"https:\/\/www.emanegoce.com\/es\/wp-json\/wp\/v2\/pages"}],"about":[{"href":"https:\/\/www.emanegoce.com\/es\/wp-json\/wp\/v2\/types\/page"}],"author":[{"embeddable":true,"href":"https:\/\/www.emanegoce.com\/es\/wp-json\/wp\/v2\/users\/4"}],"replies":[{"embeddable":true,"href":"https:\/\/www.emanegoce.com\/es\/wp-json\/wp\/v2\/comments?post=14788"}],"version-history":[{"count":0,"href":"https:\/\/www.emanegoce.com\/es\/wp-json\/wp\/v2\/pages\/14788\/revisions"}],"wp:attachment":[{"href":"https:\/\/www.emanegoce.com\/es\/wp-json\/wp\/v2\/media?parent=14788"}],"curies":[{"name":"wp","href":"https:\/\/api.w.org\/{rel}","templated":true}]}}