{"id":14940,"date":"2025-05-15T13:16:32","date_gmt":"2025-05-15T13:16:32","guid":{"rendered":"https:\/\/www.emanegoce.com\/pescados-especies-tropicales\/"},"modified":"2025-06-20T15:17:08","modified_gmt":"2025-06-20T13:17:08","slug":"pescados-especies-tropicales","status":"publish","type":"page","link":"https:\/\/www.emanegoce.com\/es\/pescados-especies-tropicales\/","title":{"rendered":"Pescados \/ especies tropicales"},"content":{"rendered":"<p>[et_pb_section fb_built=&#8221;1&#8243; admin_label=&#8221;section&#8221; _builder_version=&#8221;3.0.83&#8243; background_image=&#8221;http:\/\/www.emanegoce.com\/wp-content\/uploads\/ocean-7335499_1920.jpg&#8221; custom_css_main_element=&#8221;background-position: center 60%; \/* modifie le %22%%22 selon le cadrage souhait\u00e9 *\/||&#8221;][et_pb_row _builder_version=&#8221;3.0.83&#8243;][et_pb_column type=&#8221;4_4&#8243; _builder_version=&#8221;3.0.83&#8243; parallax=&#8221;off&#8221; parallax_method=&#8221;on&#8221;][et_pb_text _builder_version=&#8221;3.0.83&#8243; text_font=&#8221;||||||||&#8221; header_font=&#8221;|600|||||||&#8221; header_font_size=&#8221;45px&#8221; header_text_color=&#8221;#ffffff&#8221;]<\/p>\n<h1>Peces tropicales<\/h1>\n<p>[\/et_pb_text][\/et_pb_column][\/et_pb_row][\/et_pb_section][et_pb_section fb_built=&#8221;1&#8243; _builder_version=&#8221;3.0.83&#8243; custom_padding=&#8221;54px|0px|0px|0px&#8221;][et_pb_row make_fullwidth=&#8221;on&#8221; _builder_version=&#8221;3.0.83&#8243;][et_pb_column type=&#8221;4_4&#8243; _builder_version=&#8221;3.0.83&#8243; parallax=&#8221;off&#8221; parallax_method=&#8221;on&#8221;][et_pb_text _builder_version=&#8221;3.0.83&#8243; text_font=&#8221;Poppins||||||||&#8221; text_font_size=&#8221;25px&#8221; text_line_height=&#8221;1.8em&#8221; header_font=&#8221;||||||||&#8221; header_text_align=&#8221;left&#8221; header_2_font=&#8221;|600|||||||&#8221; header_2_text_color=&#8221;#0c0c0c&#8221; text_orientation=&#8221;center&#8221; custom_css_main_element=&#8221;color: #004b97;&#8221;]<\/p>\n<h2 class=\"p1\" style=\"text-align: center;\">Especialistas en peces de aguas c\u00e1lidas, nos abastecemos principalmente en \u00c1frica Occidental y en el Oc\u00e9ano \u00cdndico, donde hemos desarrollado una red de suministro basada en la calidad del producto, el mejor precio y la pesca responsable.<\/h2>\n<h2 class=\"p1\" style=\"text-align: center;\">Estas pesquer\u00edas suministran una amplia variedad de especies, cuya disponibilidad var\u00eda a lo largo de las estaciones.<\/h2>\n<p>[\/et_pb_text][\/et_pb_column][\/et_pb_row][et_pb_row module_class=&#8221;boite-arrondie&#8221; _builder_version=&#8221;3.0.83&#8243; module_alignment=&#8221;center&#8221;][et_pb_column type=&#8221;4_4&#8243; _builder_version=&#8221;3.0.83&#8243; parallax=&#8221;off&#8221; parallax_method=&#8221;on&#8221;][et_pb_text _builder_version=&#8221;3.0.83&#8243; header_font=&#8221;||||||||&#8221; header_2_font=&#8221;|600|||||||&#8221;]<\/p>\n<h2 class=\"p1\">Principales especies de \u00c1frica Occidental<\/h2>\n<p>[\/et_pb_text][\/et_pb_column][\/et_pb_row][et_pb_row make_fullwidth=&#8221;on&#8221; _builder_version=&#8221;3.0.83&#8243;][et_pb_column type=&#8221;1_3&#8243; _builder_version=&#8221;3.0.83&#8243; parallax=&#8221;off&#8221; parallax_method=&#8221;on&#8221;][et_pb_blurb title=&#8221;Corvinas&#8221; image=&#8221;http:\/\/www.emanegoce.com\/wp-content\/uploads\/courbine-1.webp&#8221; alt=&#8221;peces tropicales&#8221; module_class=&#8221;gq-blurb-hover resumer-box&#8221; _builder_version=&#8221;3.0.83&#8243; header_level=&#8221;h2&#8243; header_font=&#8221;||||||||&#8221; header_text_align=&#8221;center&#8221; body_font=&#8221;Poppins||||||||&#8221; body_text_align=&#8221;center&#8221; box_shadow_style=&#8221;preset1&#8243;]<\/p>\n<p><em>(Pseudotolithus spp)<\/em><\/p>\n<p>[\/et_pb_blurb][\/et_pb_column][et_pb_column type=&#8221;1_3&#8243; _builder_version=&#8221;3.0.83&#8243; parallax=&#8221;off&#8221; parallax_method=&#8221;on&#8221;][et_pb_blurb title=&#8221;Lenguados tropicales&#8221; image=&#8221;http:\/\/www.emanegoce.com\/wp-content\/uploads\/sole-trop.webp&#8221; alt=&#8221;peces tropicales&#8221; module_class=&#8221;gq-blurb-hover resumer-box&#8221; _builder_version=&#8221;3.0.83&#8243; header_level=&#8221;h2&#8243; header_font=&#8221;||||||||&#8221; header_text_align=&#8221;center&#8221; body_font=&#8221;Poppins||||||||&#8221; body_text_align=&#8221;center&#8221; box_shadow_style=&#8221;preset1&#8243;]<\/p>\n<p><em>(Cynoglossus cynoglossus)<\/em><\/p>\n<p>[\/et_pb_blurb][\/et_pb_column][et_pb_column type=&#8221;1_3&#8243; _builder_version=&#8221;3.0.83&#8243; parallax=&#8221;off&#8221; parallax_method=&#8221;on&#8221;][et_pb_blurb title=&#8221;Doradas rosadas&#8221; image=&#8221;http:\/\/www.emanegoce.com\/wp-content\/uploads\/dorade-rose-1.webp&#8221; alt=&#8221;peces tropicales&#8221; module_class=&#8221;gq-blurb-hover resumer-box&#8221; _builder_version=&#8221;3.0.83&#8243; header_level=&#8221;h2&#8243; header_font=&#8221;||||||||&#8221; header_text_align=&#8221;center&#8221; body_font=&#8221;Poppins||||||||&#8221; body_text_align=&#8221;center&#8221; box_shadow_style=&#8221;preset1&#8243;]<\/p>\n<p><em>(<span style=\"color: #666666;\">Pagrus caeruleostictus<\/span>)<\/em><\/p>\n<p>[\/et_pb_blurb][\/et_pb_column][\/et_pb_row][et_pb_row make_fullwidth=&#8221;on&#8221; _builder_version=&#8221;3.0.83&#8243;][et_pb_column type=&#8221;1_3&#8243; _builder_version=&#8221;3.0.83&#8243; parallax=&#8221;off&#8221; parallax_method=&#8221;on&#8221;][et_pb_blurb title=&#8221;Salmonetes&#8221; image=&#8221;http:\/\/www.emanegoce.com\/wp-content\/uploads\/rouget-rouge-.webp&#8221; alt=&#8221;peces tropicales&#8221; module_class=&#8221;gq-blurb-hover resumer-box&#8221; _builder_version=&#8221;3.0.83&#8243; header_level=&#8221;h2&#8243; header_font=&#8221;||||||||&#8221; header_text_align=&#8221;center&#8221; body_font=&#8221;Poppins||||||||&#8221; body_text_align=&#8221;center&#8221; box_shadow_style=&#8221;preset1&#8243;]<\/p>\n<p><em>(Pseudupeneus prayensis)<\/em><\/p>\n<p>[\/et_pb_blurb][\/et_pb_column][et_pb_column type=&#8221;1_3&#8243; _builder_version=&#8221;3.0.83&#8243; parallax=&#8221;off&#8221; parallax_method=&#8221;on&#8221;][et_pb_blurb title=&#8221;Plas Plas&#8221; image=&#8221;http:\/\/www.emanegoce.com\/wp-content\/uploads\/plas-plas-.webp&#8221; alt=&#8221;peces tropicales&#8221; module_class=&#8221;gq-blurb-hover resumer-box&#8221; _builder_version=&#8221;3.0.83&#8243; header_level=&#8221;h2&#8243; header_font=&#8221;||||||||&#8221; header_text_align=&#8221;center&#8221; body_font=&#8221;Poppins||||||||&#8221; body_text_align=&#8221;center&#8221; box_shadow_style=&#8221;preset1&#8243;]<\/p>\n<p><em>(Drepane africana)<\/em><\/p>\n<p>[\/et_pb_blurb][\/et_pb_column][et_pb_column type=&#8221;1_3&#8243; _builder_version=&#8221;3.0.83&#8243; parallax=&#8221;off&#8221; parallax_method=&#8221;on&#8221;][et_pb_blurb title=&#8221;Sompat&#8221; image=&#8221;http:\/\/www.emanegoce.com\/wp-content\/uploads\/sompatte.webp&#8221; alt=&#8221;peces tropicales&#8221; module_class=&#8221;gq-blurb-hover resumer-box&#8221; _builder_version=&#8221;3.0.83&#8243; header_level=&#8221;h2&#8243; header_font=&#8221;||||||||&#8221; header_text_align=&#8221;center&#8221; body_font=&#8221;Poppins||||||||&#8221; body_text_align=&#8221;center&#8221; box_shadow_style=&#8221;preset1&#8243;]<\/p>\n<p><em>(Pomadasys jubelini)<\/em><\/p>\n<p>[\/et_pb_blurb][\/et_pb_column][\/et_pb_row][\/et_pb_section][et_pb_section fb_built=&#8221;1&#8243; _builder_version=&#8221;3.0.83&#8243; custom_padding=&#8221;54px|0px|0px|0px&#8221;][et_pb_row custom_padding=&#8221;27px|0px|22px|0px&#8221; module_class=&#8221;boite-arrondie&#8221; _builder_version=&#8221;3.0.83&#8243; module_alignment=&#8221;center&#8221;][et_pb_column type=&#8221;4_4&#8243; _builder_version=&#8221;3.0.83&#8243; parallax=&#8221;off&#8221; parallax_method=&#8221;on&#8221;][et_pb_text _builder_version=&#8221;3.0.83&#8243; header_font=&#8221;|600|||||||&#8221; header_2_font=&#8221;|600|||||||&#8221;]<\/p>\n<h2 class=\"p1\">Principales especies del oc\u00e9ano \u00cdndico<\/h2>\n<p>[\/et_pb_text][\/et_pb_column][\/et_pb_row][et_pb_row make_fullwidth=&#8221;on&#8221; _builder_version=&#8221;3.0.83&#8243;][et_pb_column type=&#8221;1_4&#8243; _builder_version=&#8221;3.0.83&#8243; parallax=&#8221;off&#8221; parallax_method=&#8221;on&#8221;][et_pb_blurb title=&#8221;Marlin&#8221; image=&#8221;http:\/\/www.emanegoce.com\/wp-content\/uploads\/merlin.webp&#8221; alt=&#8221;peces tropicales&#8221; module_class=&#8221;gq-blurb-hover resumer-box&#8221; _builder_version=&#8221;3.0.83&#8243; header_level=&#8221;h2&#8243; header_font=&#8221;||||||||&#8221; header_text_align=&#8221;center&#8221; body_font=&#8221;Poppins||||||||&#8221; body_text_align=&#8221;center&#8221; box_shadow_style=&#8221;preset1&#8243;]<\/p>\n<p><em>(Makaira indica)<\/em><\/p>\n<p>[\/et_pb_blurb][\/et_pb_column][et_pb_column type=&#8221;1_4&#8243; _builder_version=&#8221;3.0.83&#8243; parallax=&#8221;off&#8221; parallax_method=&#8221;on&#8221;][et_pb_blurb title=&#8221;Thon albacore&#8221; image=&#8221;http:\/\/www.emanegoce.com\/wp-content\/uploads\/thon.webp&#8221; alt=&#8221;peces tropicales&#8221; module_class=&#8221;gq-blurb-hover resumer-box&#8221; _builder_version=&#8221;3.0.83&#8243; header_level=&#8221;h2&#8243; header_font=&#8221;||||||||&#8221; header_text_align=&#8221;center&#8221; body_font=&#8221;Poppins||||||||&#8221; body_text_align=&#8221;center&#8221; box_shadow_style=&#8221;preset1&#8243;]<\/p>\n<p><em>(Thunnus albacares)<\/em><\/p>\n<p>[\/et_pb_blurb][\/et_pb_column][et_pb_column type=&#8221;1_4&#8243; _builder_version=&#8221;3.0.83&#8243; parallax=&#8221;off&#8221; parallax_method=&#8221;on&#8221;][et_pb_blurb title=&#8221;Meros&#8221; image=&#8221;http:\/\/www.emanegoce.com\/wp-content\/uploads\/merou.webp&#8221; alt=&#8221;peces tropicales&#8221; module_class=&#8221;gq-blurb-hover resumer-box&#8221; _builder_version=&#8221;3.0.83&#8243; header_level=&#8221;h2&#8243; header_font=&#8221;||||||||&#8221; header_text_align=&#8221;center&#8221; body_font=&#8221;Poppins||||||||&#8221; body_text_align=&#8221;center&#8221; box_shadow_style=&#8221;preset1&#8243;]<\/p>\n<p><em>(Epinephelus spp)<\/em><\/p>\n<p>[\/et_pb_blurb][\/et_pb_column][et_pb_column type=&#8221;1_4&#8243; _builder_version=&#8221;3.0.83&#8243; parallax=&#8221;off&#8221; parallax_method=&#8221;on&#8221;][et_pb_blurb title=&#8221;Pargos&#8221; image=&#8221;http:\/\/www.emanegoce.com\/wp-content\/uploads\/vivaneau-1.webp&#8221; alt=&#8221;peces tropicales&#8221; module_id=&#8221;vivaneau&#8221; module_class=&#8221;gq-blurb-hover resumer-box&#8221; _builder_version=&#8221;3.0.83&#8243; header_level=&#8221;h2&#8243; header_font=&#8221;||||||||&#8221; header_text_align=&#8221;center&#8221; body_font=&#8221;Poppins||||||||&#8221; body_text_align=&#8221;center&#8221; box_shadow_style=&#8221;preset1&#8243;]<\/p>\n<p><em>(Lutjanus sanguineus)<\/em><\/p>\n<p>[\/et_pb_blurb][\/et_pb_column][\/et_pb_row][et_pb_row make_fullwidth=&#8221;on&#8221; _builder_version=&#8221;3.0.83&#8243;][et_pb_column type=&#8221;1_4&#8243; _builder_version=&#8221;3.0.83&#8243; parallax=&#8221;off&#8221; parallax_method=&#8221;on&#8221;][et_pb_blurb title=&#8221;Tridents&#8221; image=&#8221;http:\/\/www.emanegoce.com\/wp-content\/uploads\/Trident-otolithe.webp&#8221; alt=&#8221;peces tropicales&#8221; module_class=&#8221;gq-blurb-hover resumer-box&#8221; _builder_version=&#8221;3.0.83&#8243; header_level=&#8221;h2&#8243; header_font=&#8221;||||||||&#8221; header_text_align=&#8221;center&#8221; body_font=&#8221;Poppins||||||||&#8221; body_text_align=&#8221;center&#8221; box_shadow_style=&#8221;preset1&#8243;]<\/p>\n<p><em>(Otolithes ruber)<\/em><\/p>\n<p>[\/et_pb_blurb][\/et_pb_column][et_pb_column type=&#8221;1_4&#8243; _builder_version=&#8221;3.0.83&#8243; parallax=&#8221;off&#8221; parallax_method=&#8221;on&#8221;][et_pb_blurb title=&#8221;Peces loro&#8221; image=&#8221;http:\/\/www.emanegoce.com\/wp-content\/uploads\/tridents.webp&#8221; alt=&#8221;peces tropicales&#8221; module_class=&#8221;gq-blurb-hover resumer-box&#8221; _builder_version=&#8221;3.0.83&#8243; header_level=&#8221;h2&#8243; header_font=&#8221;||||||||&#8221; header_text_align=&#8221;center&#8221; body_font=&#8221;Poppins||||||||&#8221; body_text_align=&#8221;center&#8221; box_shadow_style=&#8221;preset1&#8243;]<\/p>\n<p><em>(Scarus ghobban)<\/em><\/p>\n<p>[\/et_pb_blurb][\/et_pb_column][et_pb_column type=&#8221;1_4&#8243; _builder_version=&#8221;3.0.83&#8243; parallax=&#8221;off&#8221; parallax_method=&#8221;on&#8221;][et_pb_blurb title=&#8221;Mahi Mahi&#8221; image=&#8221;http:\/\/www.emanegoce.com\/wp-content\/uploads\/Sans-titre-3.webp&#8221; alt=&#8221;peces tropicales&#8221; module_class=&#8221;gq-blurb-hover resumer-box&#8221; _builder_version=&#8221;3.0.83&#8243; header_level=&#8221;h2&#8243; header_font=&#8221;||||||||&#8221; header_text_align=&#8221;center&#8221; body_font=&#8221;Poppins||||||||&#8221; body_text_align=&#8221;center&#8221; box_shadow_style=&#8221;preset1&#8243;]<\/p>\n<p><em>(Coryphaena hippurus)<\/em><\/p>\n<p>[\/et_pb_blurb][\/et_pb_column][et_pb_column type=&#8221;1_4&#8243; _builder_version=&#8221;3.0.83&#8243; parallax=&#8221;off&#8221; parallax_method=&#8221;on&#8221;][et_pb_blurb title=&#8221;Colas fil&#8221; image=&#8221;http:\/\/www.emanegoce.com\/wp-content\/uploads\/colas-fil-1.webp&#8221; alt=&#8221;peces tropicales&#8221; module_class=&#8221;gq-blurb-hover resumer-box&#8221; _builder_version=&#8221;3.0.83&#8243; header_level=&#8221;h2&#8243; header_font=&#8221;||||||||&#8221; header_text_align=&#8221;center&#8221; body_font=&#8221;Poppins||||||||&#8221; body_text_align=&#8221;center&#8221; box_shadow_style=&#8221;preset1&#8243;]<\/p>\n<p><em>(Pristipomo\u00efdes spp)<\/em><\/p>\n<p>[\/et_pb_blurb][\/et_pb_column][\/et_pb_row][et_pb_row make_fullwidth=&#8221;on&#8221; _builder_version=&#8221;3.0.83&#8243;][et_pb_column type=&#8221;4_4&#8243; _builder_version=&#8221;3.0.83&#8243; parallax=&#8221;off&#8221; parallax_method=&#8221;on&#8221;][et_pb_text _builder_version=&#8221;3.0.83&#8243; text_font=&#8221;||||||||&#8221; text_font_size=&#8221;20px&#8221; text_text_color=&#8221;#0c0c0c&#8221; text_line_height=&#8221;1.8em&#8221; header_font=&#8221;||||||||&#8221; header_text_align=&#8221;left&#8221; header_3_font=&#8221;Poppins||||||||&#8221; header_3_font_size=&#8221;24px&#8221; header_3_text_color=&#8221;#0c0c0c&#8221; text_orientation=&#8221;center&#8221;]<\/p>\n<p style=\"text-align: center;\">Es posible ofrecer peces tropicales enteros, escamados y eviscerados, as\u00ed como filetes\/steaks y cubos. Las principales procedencias son Yemen, India, Vietnam, Indonesia y Madagascar. <\/p>\n<p style=\"text-align: left;\">\n<p>[\/et_pb_text][\/et_pb_column][\/et_pb_row][\/et_pb_section][et_pb_section fb_built=&#8221;1&#8243; _builder_version=&#8221;3.0.83&#8243; custom_padding=&#8221;0px|0px|54px|0px&#8221;][et_pb_row _builder_version=&#8221;3.0.83&#8243;][et_pb_column type=&#8221;4_4&#8243; _builder_version=&#8221;3.0.83&#8243; parallax=&#8221;off&#8221; parallax_method=&#8221;on&#8221;][et_pb_button button_url=&#8221;https:\/\/www.emanegoce.com\/es\/contacto-nuevo\/&#8221; button_text=&#8221;Cont\u00e1ctanos&#8221; _builder_version=&#8221;3.0.83&#8243;][\/et_pb_button][\/et_pb_column][\/et_pb_row][\/et_pb_section]<\/p>\n","protected":false},"excerpt":{"rendered":"<p>[et_pb_section fb_built=&#8221;1&#8243; admin_label=&#8221;section&#8221; _builder_version=&#8221;3.0.83&#8243; background_image=&#8221;http:\/\/www.emanegoce.com\/wp-content\/uploads\/ocean-7335499_1920.jpg&#8221; custom_css_main_element=&#8221;background-position: center 60%; \/* modifie le %22%%22 selon le cadrage souhait\u00e9 *\/||&#8221;][et_pb_row _builder_version=&#8221;3.0.83&#8243;][et_pb_column type=&#8221;4_4&#8243; _builder_version=&#8221;3.0.83&#8243; parallax=&#8221;off&#8221; parallax_method=&#8221;on&#8221;][et_pb_text _builder_version=&#8221;3.0.83&#8243; text_font=&#8221;||||||||&#8221; header_font=&#8221;|600|||||||&#8221; header_font_size=&#8221;45px&#8221; header_text_color=&#8221;#ffffff&#8221;] Peces tropicales [\/et_pb_text][\/et_pb_column][\/et_pb_row][\/et_pb_section][et_pb_section fb_built=&#8221;1&#8243; _builder_version=&#8221;3.0.83&#8243; custom_padding=&#8221;54px|0px|0px|0px&#8221;][et_pb_row make_fullwidth=&#8221;on&#8221; _builder_version=&#8221;3.0.83&#8243;][et_pb_column type=&#8221;4_4&#8243; _builder_version=&#8221;3.0.83&#8243; parallax=&#8221;off&#8221; parallax_method=&#8221;on&#8221;][et_pb_text _builder_version=&#8221;3.0.83&#8243; text_font=&#8221;Poppins||||||||&#8221; text_font_size=&#8221;25px&#8221; text_line_height=&#8221;1.8em&#8221; header_font=&#8221;||||||||&#8221; header_text_align=&#8221;left&#8221; header_2_font=&#8221;|600|||||||&#8221; header_2_text_color=&#8221;#0c0c0c&#8221; text_orientation=&#8221;center&#8221; custom_css_main_element=&#8221;color: #004b97;&#8221;] Especialistas en peces de aguas [&hellip;]<\/p>\n","protected":false},"author":4,"featured_media":0,"parent":0,"menu_order":0,"comment_status":"closed","ping_status":"closed","template":"","meta":{"footnotes":""},"class_list":["post-14940","page","type-page","status-publish","hentry"],"yoast_head":"<!-- This site is optimized with the Yoast SEO plugin v25.3.1 - https:\/\/yoast.com\/wordpress\/plugins\/seo\/ -->\n<title>Peces Tropicales Raros y Coloridos | EMANEGOCE<\/title>\n<meta name=\"description\" content=\"EMANEGOCE, especialista en la importaci\u00f3n y exportaci\u00f3n de peces tropicales frescos, ofrece especies raras y sabrosas para tus comidas.\" \/>\n<meta name=\"robots\" content=\"index, follow, max-snippet:-1, max-image-preview:large, max-video-preview:-1\" \/>\n<link rel=\"canonical\" href=\"https:\/\/www.emanegoce.com\/es\/pescados-especies-tropicales\/\" \/>\n<meta property=\"og:locale\" content=\"es_ES\" \/>\n<meta property=\"og:type\" content=\"article\" \/>\n<meta property=\"og:title\" content=\"Peces Tropicales Raros y Coloridos | EMANEGOCE\" \/>\n<meta property=\"og:description\" content=\"EMANEGOCE, especialista en la importaci\u00f3n y exportaci\u00f3n de peces tropicales frescos, ofrece especies raras y sabrosas para tus comidas.\" \/>\n<meta property=\"og:url\" content=\"https:\/\/www.emanegoce.com\/es\/pescados-especies-tropicales\/\" \/>\n<meta property=\"og:site_name\" content=\"EMA NEGOCE\" \/>\n<meta property=\"article:modified_time\" content=\"2025-06-20T13:17:08+00:00\" \/>\n<meta name=\"twitter:card\" content=\"summary_large_image\" \/>\n<meta name=\"twitter:label1\" content=\"Est. reading time\" \/>\n\t<meta name=\"twitter:data1\" content=\"7 minutes\" \/>\n<script type=\"application\/ld+json\" class=\"yoast-schema-graph\">{\"@context\":\"https:\/\/schema.org\",\"@graph\":[{\"@type\":\"WebPage\",\"@id\":\"https:\/\/www.emanegoce.com\/es\/pescados-especies-tropicales\/\",\"url\":\"https:\/\/www.emanegoce.com\/es\/pescados-especies-tropicales\/\",\"name\":\"Peces Tropicales Raros y Coloridos | EMANEGOCE\",\"isPartOf\":{\"@id\":\"https:\/\/www.emanegoce.com\/#website\"},\"datePublished\":\"2025-05-15T13:16:32+00:00\",\"dateModified\":\"2025-06-20T13:17:08+00:00\",\"description\":\"EMANEGOCE, especialista en la importaci\u00f3n y exportaci\u00f3n de peces tropicales frescos, ofrece especies raras y sabrosas para tus comidas.\",\"breadcrumb\":{\"@id\":\"https:\/\/www.emanegoce.com\/es\/pescados-especies-tropicales\/#breadcrumb\"},\"inLanguage\":\"es-ES\",\"potentialAction\":[{\"@type\":\"ReadAction\",\"target\":[\"https:\/\/www.emanegoce.com\/es\/pescados-especies-tropicales\/\"]}]},{\"@type\":\"BreadcrumbList\",\"@id\":\"https:\/\/www.emanegoce.com\/es\/pescados-especies-tropicales\/#breadcrumb\",\"itemListElement\":[{\"@type\":\"ListItem\",\"position\":1,\"name\":\"Accueil\",\"item\":\"https:\/\/www.emanegoce.com\/es\/\"},{\"@type\":\"ListItem\",\"position\":2,\"name\":\"Pescados \/ especies tropicales\"}]},{\"@type\":\"WebSite\",\"@id\":\"https:\/\/www.emanegoce.com\/#website\",\"url\":\"https:\/\/www.emanegoce.com\/\",\"name\":\"EMA NEGOCE\",\"description\":\"Soci\u00e9t\u00e9 D\u2019IMPORT \u2013 EXPORT\",\"publisher\":{\"@id\":\"https:\/\/www.emanegoce.com\/#organization\"},\"potentialAction\":[{\"@type\":\"SearchAction\",\"target\":{\"@type\":\"EntryPoint\",\"urlTemplate\":\"https:\/\/www.emanegoce.com\/?s={search_term_string}\"},\"query-input\":{\"@type\":\"PropertyValueSpecification\",\"valueRequired\":true,\"valueName\":\"search_term_string\"}}],\"inLanguage\":\"es-ES\"},{\"@type\":\"Organization\",\"@id\":\"https:\/\/www.emanegoce.com\/#organization\",\"name\":\"EMA NEGOCE\",\"alternateName\":\"Ema\",\"url\":\"https:\/\/www.emanegoce.com\/\",\"logo\":{\"@type\":\"ImageObject\",\"inLanguage\":\"es-ES\",\"@id\":\"https:\/\/www.emanegoce.com\/#\/schema\/logo\/image\/\",\"url\":\"https:\/\/www.emanegoce.com\/wp-content\/uploads\/2017\/07\/EMA_negoce-logo.png\",\"contentUrl\":\"https:\/\/www.emanegoce.com\/wp-content\/uploads\/2017\/07\/EMA_negoce-logo.png\",\"width\":500,\"height\":292,\"caption\":\"EMA NEGOCE\"},\"image\":{\"@id\":\"https:\/\/www.emanegoce.com\/#\/schema\/logo\/image\/\"}}]}<\/script>\n<!-- \/ Yoast SEO plugin. -->","yoast_head_json":{"title":"Peces Tropicales Raros y Coloridos | EMANEGOCE","description":"EMANEGOCE, especialista en la importaci\u00f3n y exportaci\u00f3n de peces tropicales frescos, ofrece especies raras y sabrosas para tus comidas.","robots":{"index":"index","follow":"follow","max-snippet":"max-snippet:-1","max-image-preview":"max-image-preview:large","max-video-preview":"max-video-preview:-1"},"canonical":"https:\/\/www.emanegoce.com\/es\/pescados-especies-tropicales\/","og_locale":"es_ES","og_type":"article","og_title":"Peces Tropicales Raros y Coloridos | EMANEGOCE","og_description":"EMANEGOCE, especialista en la importaci\u00f3n y exportaci\u00f3n de peces tropicales frescos, ofrece especies raras y sabrosas para tus comidas.","og_url":"https:\/\/www.emanegoce.com\/es\/pescados-especies-tropicales\/","og_site_name":"EMA NEGOCE","article_modified_time":"2025-06-20T13:17:08+00:00","twitter_card":"summary_large_image","twitter_misc":{"Est. reading time":"7 minutes"},"schema":{"@context":"https:\/\/schema.org","@graph":[{"@type":"WebPage","@id":"https:\/\/www.emanegoce.com\/es\/pescados-especies-tropicales\/","url":"https:\/\/www.emanegoce.com\/es\/pescados-especies-tropicales\/","name":"Peces Tropicales Raros y Coloridos | EMANEGOCE","isPartOf":{"@id":"https:\/\/www.emanegoce.com\/#website"},"datePublished":"2025-05-15T13:16:32+00:00","dateModified":"2025-06-20T13:17:08+00:00","description":"EMANEGOCE, especialista en la importaci\u00f3n y exportaci\u00f3n de peces tropicales frescos, ofrece especies raras y sabrosas para tus comidas.","breadcrumb":{"@id":"https:\/\/www.emanegoce.com\/es\/pescados-especies-tropicales\/#breadcrumb"},"inLanguage":"es-ES","potentialAction":[{"@type":"ReadAction","target":["https:\/\/www.emanegoce.com\/es\/pescados-especies-tropicales\/"]}]},{"@type":"BreadcrumbList","@id":"https:\/\/www.emanegoce.com\/es\/pescados-especies-tropicales\/#breadcrumb","itemListElement":[{"@type":"ListItem","position":1,"name":"Accueil","item":"https:\/\/www.emanegoce.com\/es\/"},{"@type":"ListItem","position":2,"name":"Pescados \/ especies tropicales"}]},{"@type":"WebSite","@id":"https:\/\/www.emanegoce.com\/#website","url":"https:\/\/www.emanegoce.com\/","name":"EMA NEGOCE","description":"Soci\u00e9t\u00e9 D\u2019IMPORT \u2013 EXPORT","publisher":{"@id":"https:\/\/www.emanegoce.com\/#organization"},"potentialAction":[{"@type":"SearchAction","target":{"@type":"EntryPoint","urlTemplate":"https:\/\/www.emanegoce.com\/?s={search_term_string}"},"query-input":{"@type":"PropertyValueSpecification","valueRequired":true,"valueName":"search_term_string"}}],"inLanguage":"es-ES"},{"@type":"Organization","@id":"https:\/\/www.emanegoce.com\/#organization","name":"EMA NEGOCE","alternateName":"Ema","url":"https:\/\/www.emanegoce.com\/","logo":{"@type":"ImageObject","inLanguage":"es-ES","@id":"https:\/\/www.emanegoce.com\/#\/schema\/logo\/image\/","url":"https:\/\/www.emanegoce.com\/wp-content\/uploads\/2017\/07\/EMA_negoce-logo.png","contentUrl":"https:\/\/www.emanegoce.com\/wp-content\/uploads\/2017\/07\/EMA_negoce-logo.png","width":500,"height":292,"caption":"EMA NEGOCE"},"image":{"@id":"https:\/\/www.emanegoce.com\/#\/schema\/logo\/image\/"}}]}},"_links":{"self":[{"href":"https:\/\/www.emanegoce.com\/es\/wp-json\/wp\/v2\/pages\/14940","targetHints":{"allow":["GET"]}}],"collection":[{"href":"https:\/\/www.emanegoce.com\/es\/wp-json\/wp\/v2\/pages"}],"about":[{"href":"https:\/\/www.emanegoce.com\/es\/wp-json\/wp\/v2\/types\/page"}],"author":[{"embeddable":true,"href":"https:\/\/www.emanegoce.com\/es\/wp-json\/wp\/v2\/users\/4"}],"replies":[{"embeddable":true,"href":"https:\/\/www.emanegoce.com\/es\/wp-json\/wp\/v2\/comments?post=14940"}],"version-history":[{"count":18,"href":"https:\/\/www.emanegoce.com\/es\/wp-json\/wp\/v2\/pages\/14940\/revisions"}],"predecessor-version":[{"id":16713,"href":"https:\/\/www.emanegoce.com\/es\/wp-json\/wp\/v2\/pages\/14940\/revisions\/16713"}],"wp:attachment":[{"href":"https:\/\/www.emanegoce.com\/es\/wp-json\/wp\/v2\/media?parent=14940"}],"curies":[{"name":"wp","href":"https:\/\/api.w.org\/{rel}","templated":true}]}}