{"id":14944,"date":"2025-05-15T13:17:12","date_gmt":"2025-05-15T13:17:12","guid":{"rendered":"https:\/\/www.emanegoce.com\/peces-pelagicos\/"},"modified":"2025-06-20T16:06:51","modified_gmt":"2025-06-20T14:06:51","slug":"peces-pelagicos","status":"publish","type":"page","link":"https:\/\/www.emanegoce.com\/es\/peces-pelagicos\/","title":{"rendered":"Peces pel\u00e1gicos y de acuicultura"},"content":{"rendered":"<p>[et_pb_section fb_built=&#8221;1&#8243; admin_label=&#8221;section&#8221; _builder_version=&#8221;3.0.83&#8243; background_image=&#8221;http:\/\/www.emanegoce.com\/wp-content\/uploads\/ocean-7335499_1920.jpg&#8221; custom_css_main_element=&#8221;background-position: center 60%; \/* modifie le %22%%22 selon le cadrage souhait\u00e9 *\/||&#8221;][et_pb_row admin_label=&#8221;row&#8221; _builder_version=&#8221;3.0.47&#8243; background_size=&#8221;initial&#8221; background_position=&#8221;top_left&#8221; background_repeat=&#8221;repeat&#8221; _i=&#8221;0&#8243; _address=&#8221;0.0&#8243;][et_pb_column type=&#8221;4_4&#8243; _builder_version=&#8221;3.0.47&#8243; parallax=&#8221;off&#8221; parallax_method=&#8221;on&#8221;][et_pb_text _builder_version=&#8221;3.0.83&#8243; header_font=&#8221;|600|||||||&#8221; header_font_size=&#8221;45px&#8221; header_text_color=&#8221;#ffffff&#8221;]<\/p>\n<h1>Peces pel\u00e1gicos y de acuicultura<\/h1>\n<p>[\/et_pb_text][\/et_pb_column][\/et_pb_row][\/et_pb_section][et_pb_section fb_built=&#8221;1&#8243; _builder_version=&#8221;3.0.83&#8243; custom_padding=&#8221;0px|0px|0px|0px&#8221;][et_pb_row make_fullwidth=&#8221;on&#8221; _builder_version=&#8221;3.0.83&#8243;][et_pb_column type=&#8221;4_4&#8243; _builder_version=&#8221;3.0.83&#8243; parallax=&#8221;off&#8221; parallax_method=&#8221;on&#8221;][et_pb_text _builder_version=&#8221;3.0.83&#8243; text_font=&#8221;|600|||||||&#8221; text_font_size=&#8221;25px&#8221; text_text_color=&#8221;#0c0c0c&#8221; header_font=&#8221;||||||||&#8221; header_2_font=&#8221;|600|||||||&#8221;]<\/p>\n<p>Las asociaciones a largo plazo con productores de todo el mundo nos permiten ofrecerle una amplia gama de pescados pel\u00e1gicos o de acuicultura, con suministros regulares de pescado entero o HGT. Los principales formatos de envasado son cajas de 10 kg, 20 kg o 30 kg. <\/p>\n<p>[\/et_pb_text][\/et_pb_column][\/et_pb_row][et_pb_row custom_width_px=&#8221;1120px&#8221; custom_padding=&#8221;0px|20px|21px|20px&#8221; module_class=&#8221;boite-arrondie&#8221; _builder_version=&#8221;3.0.83&#8243; module_alignment=&#8221;center&#8221; custom_css_main_element=&#8221; background-color: #ffffff;||&#8221;][et_pb_column type=&#8221;4_4&#8243; _builder_version=&#8221;3.0.83&#8243; parallax=&#8221;off&#8221; parallax_method=&#8221;on&#8221;][et_pb_text _builder_version=&#8221;3.0.83&#8243; text_font=&#8221;Poppins||||||||&#8221; text_font_size=&#8221;20px&#8221; text_text_color=&#8221;#bcbcbc&#8221; header_font=&#8221;||||||||&#8221; header_text_color=&#8221;#a5a5a5&#8243; header_2_font=&#8221;|600|||||||&#8221; header_2_text_color=&#8221;#0c0c0c&#8221; header_3_font=&#8221;|600|||||||&#8221; header_3_font_size=&#8221;26px&#8221;]<\/p>\n<h2> <\/h2>\n<h3>Nuestras principales especies pel\u00e1gicas<\/h3>\n<p>[\/et_pb_text][\/et_pb_column][\/et_pb_row][et_pb_row make_fullwidth=&#8221;on&#8221; custom_width_px=&#8221;1300px&#8221; _builder_version=&#8221;3.0.83&#8243;][et_pb_column type=&#8221;1_3&#8243; _builder_version=&#8221;3.0.83&#8243; parallax=&#8221;off&#8221; parallax_method=&#8221;on&#8221;][et_pb_blurb title=&#8221;Jureles&#8221; image=&#8221;http:\/\/www.emanegoce.com\/wp-content\/uploads\/chinchard2.webp&#8221; alt=&#8221;Peces pel\u00e1gicos&#8221; module_id=&#8221;chinchard&#8221; module_class=&#8221;gq-blurb-hover resumer-box&#8221; _builder_version=&#8221;3.0.83&#8243; header_level=&#8221;h2&#8243; header_font=&#8221;||||||||&#8221; header_text_align=&#8221;center&#8221; body_font=&#8221;Poppins||||||||&#8221; body_text_align=&#8221;center&#8221; box_shadow_style=&#8221;preset1&#8243;]<\/p>\n<p><em>(Trachurus trachurus)<\/em><\/p>\n<p>[\/et_pb_blurb][\/et_pb_column][et_pb_column type=&#8221;1_3&#8243; _builder_version=&#8221;3.0.83&#8243; parallax=&#8221;off&#8221; parallax_method=&#8221;on&#8221;][et_pb_blurb title=&#8221;Jureles cola verde&#8221; image=&#8221;http:\/\/www.emanegoce.com\/wp-content\/uploads\/chinchard-green.webp&#8221; alt=&#8221;Jureles cola verde&#8221; module_class=&#8221;gq-blurb-hover resumer-box&#8221; _builder_version=&#8221;3.0.83&#8243; header_level=&#8221;h2&#8243; header_font=&#8221;||||||||&#8221; header_text_align=&#8221;center&#8221; body_font=&#8221;Poppins||||||||&#8221; body_text_align=&#8221;center&#8221; box_shadow_style=&#8221;preset1&#8243;]<\/p>\n<p><em>(<span>Trachurus declivis<\/span>)<\/em><\/p>\n<p>[\/et_pb_blurb][\/et_pb_column][et_pb_column type=&#8221;1_3&#8243; _builder_version=&#8221;3.0.83&#8243; parallax=&#8221;off&#8221; parallax_method=&#8221;on&#8221;][et_pb_blurb title=&#8221;Jack mackerel&#8221; image=&#8221;http:\/\/www.emanegoce.com\/wp-content\/uploads\/jack.webp&#8221; alt=&#8221;Peces pel\u00e1gicos&#8221; module_class=&#8221;gq-blurb-hover resumer-box&#8221; _builder_version=&#8221;3.0.83&#8243; header_level=&#8221;h2&#8243; header_font=&#8221;||||||||&#8221; header_text_align=&#8221;center&#8221; body_font=&#8221;Poppins||||||||&#8221; body_text_align=&#8221;center&#8221; box_shadow_style=&#8221;preset1&#8243;]<\/p>\n<p><em>(Trachurus murphyi)<\/em><\/p>\n<p>[\/et_pb_blurb][\/et_pb_column][\/et_pb_row][et_pb_row make_fullwidth=&#8221;on&#8221; custom_width_px=&#8221;1300px&#8221; _builder_version=&#8221;3.0.83&#8243;][et_pb_column type=&#8221;1_3&#8243; _builder_version=&#8221;3.0.83&#8243; parallax=&#8221;off&#8221; parallax_method=&#8221;on&#8221;][et_pb_blurb title=&#8221;Caballa&#8221; image=&#8221;http:\/\/www.emanegoce.com\/wp-content\/uploads\/Maquereau.webp&#8221; alt=&#8221;Caballa&#8221; module_class=&#8221;gq-blurb-hover resumer-box&#8221; _builder_version=&#8221;3.0.83&#8243; header_level=&#8221;h2&#8243; header_font=&#8221;||||||||&#8221; header_text_align=&#8221;center&#8221; body_font=&#8221;Poppins||||||||&#8221; body_text_align=&#8221;center&#8221; box_shadow_style=&#8221;preset1&#8243;]<\/p>\n<p><em>(<span>Scomber scombrus<\/span>)<\/em><\/p>\n<p>[\/et_pb_blurb][et_pb_blurb title=&#8221;Sardinela aurita&#8221; image=&#8221;http:\/\/www.emanegoce.com\/wp-content\/uploads\/sardinelle.webp&#8221; alt=&#8221;Peces pel\u00e1gicos&#8221; module_class=&#8221;gq-blurb-hover resumer-box&#8221; _builder_version=&#8221;3.0.83&#8243; header_level=&#8221;h2&#8243; header_font=&#8221;||||||||&#8221; header_text_align=&#8221;center&#8221; body_font=&#8221;Poppins||||||||&#8221; body_text_align=&#8221;center&#8221; box_shadow_style=&#8221;preset1&#8243;]<\/p>\n<p><em>(<span>Sardinella aurita<\/span>)<\/em><\/p>\n<p>[\/et_pb_blurb][\/et_pb_column][et_pb_column type=&#8221;1_3&#8243; _builder_version=&#8221;3.0.83&#8243; parallax=&#8221;off&#8221; parallax_method=&#8221;on&#8221;][et_pb_blurb title=&#8221;Caballa espa\u00f1ola&#8221; image=&#8221;http:\/\/www.emanegoce.com\/wp-content\/uploads\/maquereaux_esp.webp&#8221; alt=&#8221;Peces pel\u00e1gicos&#8221; module_class=&#8221;gq-blurb-hover resumer-box&#8221; _builder_version=&#8221;3.0.83&#8243; header_level=&#8221;h2&#8243; header_font=&#8221;||||||||&#8221; header_text_align=&#8221;center&#8221; body_font=&#8221;Poppins||||||||&#8221; body_text_align=&#8221;center&#8221; box_shadow_style=&#8221;preset1&#8243;]<\/p>\n<p><em>(Scomber japonicus)<\/em><\/p>\n<p>[\/et_pb_blurb][et_pb_blurb title=&#8221;Sardinela de madera&#8221; image=&#8221;http:\/\/www.emanegoce.com\/wp-content\/uploads\/sardine-maderensis.webp&#8221; alt=&#8221;Sardinela de Madeira&#8221; module_class=&#8221;gq-blurb-hover resumer-box&#8221; _builder_version=&#8221;3.0.83&#8243; header_level=&#8221;h2&#8243; header_font=&#8221;||||||||&#8221; header_text_align=&#8221;center&#8221; body_font=&#8221;Poppins||||||||&#8221; body_text_align=&#8221;center&#8221; box_shadow_style=&#8221;preset1&#8243;]<\/p>\n<p><em>(<span>Sardinella maderensis<\/span>)<\/em><\/p>\n<p>[\/et_pb_blurb][\/et_pb_column][et_pb_column type=&#8221;1_3&#8243; _builder_version=&#8221;3.0.83&#8243; parallax=&#8221;off&#8221; parallax_method=&#8221;on&#8221;][et_pb_blurb title=&#8221;Arenques&#8221; image=&#8221;http:\/\/www.emanegoce.com\/wp-content\/uploads\/hareng.webp&#8221; alt=&#8221;Arenques&#8221; module_class=&#8221;gq-blurb-hover resumer-box&#8221; _builder_version=&#8221;3.0.83&#8243; header_level=&#8221;h2&#8243; header_font=&#8221;||||||||&#8221; header_text_align=&#8221;center&#8221; body_font=&#8221;Poppins||||||||&#8221; body_text_align=&#8221;center&#8221; box_shadow_style=&#8221;preset1&#8243;]<\/p>\n<p><em>(<span>Clupea harengus<\/span>)<\/em><\/p>\n<p>[\/et_pb_blurb][et_pb_blurb title=&#8221;Sardinas&#8221; image=&#8221;http:\/\/www.emanegoce.com\/wp-content\/uploads\/sardine-1.webp&#8221; alt=&#8221;Peces pel\u00e1gicos&#8221; module_class=&#8221;gq-blurb-hover resumer-box&#8221; _builder_version=&#8221;3.0.83&#8243; header_level=&#8221;h2&#8243; header_font=&#8221;||||||||&#8221; header_text_align=&#8221;center&#8221; body_font=&#8221;Poppins||||||||&#8221; body_text_align=&#8221;center&#8221; box_shadow_style=&#8221;preset1&#8243;]<\/p>\n<p><em>(<span>Sardina pilchardus<\/span>)<\/em><\/p>\n<p>[\/et_pb_blurb][\/et_pb_column][\/et_pb_row][et_pb_row make_fullwidth=&#8221;on&#8221; custom_width_px=&#8221;1300px&#8221; custom_padding=&#8221;27px|0px|103px|0px&#8221; _builder_version=&#8221;3.0.83&#8243;][et_pb_column type=&#8221;1_3&#8243; _builder_version=&#8221;3.0.83&#8243; parallax=&#8221;off&#8221; parallax_method=&#8221;on&#8221;][et_pb_blurb title=&#8221;Lisa&#8221; image=&#8221;http:\/\/www.emanegoce.com\/wp-content\/uploads\/mulet-2.webp&#8221; alt=&#8221;M\u00fajoles&#8221; module_class=&#8221;gq-blurb-hover resumer-box&#8221; _builder_version=&#8221;3.0.83&#8243; header_level=&#8221;h2&#8243; header_font=&#8221;||||||||&#8221; header_text_align=&#8221;center&#8221; body_font=&#8221;Poppins||||||||&#8221; body_text_align=&#8221;center&#8221; box_shadow_style=&#8221;preset1&#8243;]<\/p>\n<p><em>(<span>Mugil cephalus<\/span>)<\/em><\/p>\n<p>[\/et_pb_blurb][\/et_pb_column][et_pb_column type=&#8221;1_3&#8243; _builder_version=&#8221;3.0.83&#8243; parallax=&#8221;off&#8221; parallax_method=&#8221;on&#8221;][et_pb_blurb title=&#8221;Corvina&#8221; image=&#8221;http:\/\/www.emanegoce.com\/wp-content\/uploads\/Corvina-1.webp&#8221; alt=&#8221;Peces pel\u00e1gicos&#8221; module_class=&#8221;gq-blurb-hover resumer-box&#8221; _builder_version=&#8221;3.0.83&#8243; header_level=&#8221;h2&#8243; header_font=&#8221;||||||||&#8221; header_text_align=&#8221;center&#8221; body_font=&#8221;Poppins||||||||&#8221; body_text_align=&#8221;center&#8221; box_shadow_style=&#8221;preset1&#8243;]<\/p>\n<p><em>(Micropogonias furnieri)<\/em><\/p>\n<p>[\/et_pb_blurb][\/et_pb_column][et_pb_column type=&#8221;1_3&#8243; _builder_version=&#8221;3.0.83&#8243; parallax=&#8221;off&#8221; parallax_method=&#8221;on&#8221;][et_pb_blurb title=&#8221;Barracudas&#8221; image=&#8221;http:\/\/www.emanegoce.com\/wp-content\/uploads\/Barracudas-1.webp&#8221; alt=&#8221;Barracudas&#8221; module_class=&#8221;gq-blurb-hover resumer-box&#8221; _builder_version=&#8221;3.0.83&#8243; header_level=&#8221;h2&#8243; header_font=&#8221;||||||||&#8221; header_text_align=&#8221;center&#8221; body_font=&#8221;Poppins||||||||&#8221; body_text_align=&#8221;center&#8221; box_shadow_style=&#8221;preset1&#8243;]<\/p>\n<p><em>(Sphyraena barracuda)<\/em><\/p>\n<p>[\/et_pb_blurb][\/et_pb_column][\/et_pb_row][et_pb_row custom_width_px=&#8221;1120px&#8221; custom_padding=&#8221;0px|20px|21px|20px&#8221; module_class=&#8221;boite-arrondie&#8221; _builder_version=&#8221;3.0.83&#8243; module_alignment=&#8221;center&#8221; custom_css_main_element=&#8221; background-color: #ffffff;||&#8221;][et_pb_column type=&#8221;4_4&#8243; _builder_version=&#8221;3.0.83&#8243; parallax=&#8221;off&#8221; parallax_method=&#8221;on&#8221;][et_pb_text _builder_version=&#8221;3.0.83&#8243; text_font=&#8221;Poppins||||||||&#8221; text_font_size=&#8221;20px&#8221; text_text_color=&#8221;#bcbcbc&#8221; header_font=&#8221;||||||||&#8221; header_text_color=&#8221;#a5a5a5&#8243; header_2_font=&#8221;|600|||||||&#8221; header_2_text_color=&#8221;#0c0c0c&#8221;]<\/p>\n<h2> <\/h2>\n<h2>Nuestras principales especies de acuicultura<\/h2>\n<p>[\/et_pb_text][\/et_pb_column][\/et_pb_row][et_pb_row make_fullwidth=&#8221;on&#8221; _builder_version=&#8221;3.0.83&#8243;][et_pb_column type=&#8221;1_3&#8243; _builder_version=&#8221;3.0.83&#8243; parallax=&#8221;off&#8221; parallax_method=&#8221;on&#8221;][et_pb_blurb title=&#8221;Tilapias&#8221; image=&#8221;http:\/\/www.emanegoce.com\/wp-content\/uploads\/tilapias-2.webp&#8221; alt=&#8221;Tilapias&#8221; module_class=&#8221;gq-blurb-hover resumer-box&#8221; _builder_version=&#8221;3.0.83&#8243; header_level=&#8221;h2&#8243; header_font=&#8221;||||||||&#8221; header_text_align=&#8221;center&#8221; body_font=&#8221;Poppins||||||||&#8221; body_text_align=&#8221;center&#8221; box_shadow_style=&#8221;preset1&#8243;]<\/p>\n<p><em>(<span>Tilapia spp<\/span>)<\/em><\/p>\n<p>[\/et_pb_blurb][\/et_pb_column][et_pb_column type=&#8221;1_3&#8243; _builder_version=&#8221;3.0.83&#8243; parallax=&#8221;off&#8221; parallax_method=&#8221;on&#8221;][et_pb_blurb title=&#8221;Pangasius&#8221; image=&#8221;http:\/\/www.emanegoce.com\/wp-content\/uploads\/Pegasius.webp&#8221; alt=&#8221;Pangasius&#8221; module_class=&#8221;gq-blurb-hover resumer-box&#8221; _builder_version=&#8221;3.0.83&#8243; header_level=&#8221;h2&#8243; header_font=&#8221;||||||||&#8221; header_text_align=&#8221;center&#8221; body_font=&#8221;Poppins||||||||&#8221; body_text_align=&#8221;center&#8221; box_shadow_style=&#8221;preset1&#8243;]<\/p>\n<p><em>(Pangasius hypophthalmus)<\/em><\/p>\n<p>[\/et_pb_blurb][\/et_pb_column][et_pb_column type=&#8221;1_3&#8243; _builder_version=&#8221;3.0.83&#8243; parallax=&#8221;off&#8221; parallax_method=&#8221;on&#8221;][et_pb_blurb title=&#8221;Pez gato&#8221; image=&#8221;http:\/\/www.emanegoce.com\/wp-content\/uploads\/Catfish.webp&#8221; alt=&#8221;Pez gato&#8221; module_class=&#8221;gq-blurb-hover resumer-box&#8221; _builder_version=&#8221;3.0.83&#8243; header_level=&#8221;h2&#8243; header_font=&#8221;||||||||&#8221; header_text_align=&#8221;center&#8221; body_font=&#8221;Poppins||||||||&#8221; body_text_align=&#8221;center&#8221; box_shadow_style=&#8221;preset1&#8243;]<\/p>\n<p><em>(Clarias fuscus)<\/em><\/p>\n<p>[\/et_pb_blurb][\/et_pb_column][\/et_pb_row][et_pb_row custom_padding=&#8221;81px|0px|27px|0px&#8221; _builder_version=&#8221;3.0.83&#8243;][et_pb_column type=&#8221;4_4&#8243; _builder_version=&#8221;3.0.83&#8243; parallax=&#8221;off&#8221; parallax_method=&#8221;on&#8221;][et_pb_button button_url=&#8221;https:\/\/www.emanegoce.com\/es\/contacto-nuevo\/&#8221; button_text=&#8221;Cont\u00e1ctanos&#8221; _builder_version=&#8221;3.0.83&#8243;][\/et_pb_button][\/et_pb_column][\/et_pb_row][\/et_pb_section]<\/p>\n","protected":false},"excerpt":{"rendered":"<p>[et_pb_section fb_built=&#8221;1&#8243; admin_label=&#8221;section&#8221; _builder_version=&#8221;3.0.83&#8243; background_image=&#8221;http:\/\/www.emanegoce.com\/wp-content\/uploads\/ocean-7335499_1920.jpg&#8221; custom_css_main_element=&#8221;background-position: center 60%; \/* modifie le %22%%22 selon le cadrage souhait\u00e9 *\/||&#8221;][et_pb_row admin_label=&#8221;row&#8221; _builder_version=&#8221;3.0.47&#8243; background_size=&#8221;initial&#8221; background_position=&#8221;top_left&#8221; background_repeat=&#8221;repeat&#8221; _i=&#8221;0&#8243; _address=&#8221;0.0&#8243;][et_pb_column type=&#8221;4_4&#8243; _builder_version=&#8221;3.0.47&#8243; parallax=&#8221;off&#8221; parallax_method=&#8221;on&#8221;][et_pb_text _builder_version=&#8221;3.0.83&#8243; header_font=&#8221;|600|||||||&#8221; header_font_size=&#8221;45px&#8221; header_text_color=&#8221;#ffffff&#8221;] Peces pel\u00e1gicos y de acuicultura [\/et_pb_text][\/et_pb_column][\/et_pb_row][\/et_pb_section][et_pb_section fb_built=&#8221;1&#8243; _builder_version=&#8221;3.0.83&#8243; custom_padding=&#8221;0px|0px|0px|0px&#8221;][et_pb_row make_fullwidth=&#8221;on&#8221; _builder_version=&#8221;3.0.83&#8243;][et_pb_column type=&#8221;4_4&#8243; _builder_version=&#8221;3.0.83&#8243; parallax=&#8221;off&#8221; parallax_method=&#8221;on&#8221;][et_pb_text _builder_version=&#8221;3.0.83&#8243; text_font=&#8221;|600|||||||&#8221; text_font_size=&#8221;25px&#8221; text_text_color=&#8221;#0c0c0c&#8221; header_font=&#8221;||||||||&#8221; header_2_font=&#8221;|600|||||||&#8221;] Las asociaciones [&hellip;]<\/p>\n","protected":false},"author":4,"featured_media":0,"parent":0,"menu_order":0,"comment_status":"closed","ping_status":"closed","template":"","meta":{"footnotes":""},"class_list":["post-14944","page","type-page","status-publish","hentry"],"yoast_head":"<!-- This site is optimized with the Yoast SEO plugin v25.3.1 - https:\/\/yoast.com\/wordpress\/plugins\/seo\/ -->\n<title>Peces Pel\u00e1gicos Congelados | EMANEGOCE<\/title>\n<meta name=\"description\" content=\"Descubra nuestra selecci\u00f3n de peces pel\u00e1gicos congelados: sardinas, caballas, jureles\u2026 Calidad rigurosamente seleccionada para mercados profesionales.\" \/>\n<meta name=\"robots\" content=\"index, follow, max-snippet:-1, max-image-preview:large, max-video-preview:-1\" \/>\n<link rel=\"canonical\" href=\"https:\/\/www.emanegoce.com\/es\/peces-pelagicos\/\" \/>\n<meta property=\"og:locale\" content=\"es_ES\" \/>\n<meta property=\"og:type\" content=\"article\" \/>\n<meta property=\"og:title\" content=\"Peces Pel\u00e1gicos Congelados | EMANEGOCE\" \/>\n<meta property=\"og:description\" content=\"Descubra nuestra selecci\u00f3n de peces pel\u00e1gicos congelados: sardinas, caballas, jureles\u2026 Calidad rigurosamente seleccionada para mercados profesionales.\" \/>\n<meta property=\"og:url\" content=\"https:\/\/www.emanegoce.com\/es\/peces-pelagicos\/\" \/>\n<meta property=\"og:site_name\" content=\"EMA NEGOCE\" \/>\n<meta property=\"article:modified_time\" content=\"2025-06-20T14:06:51+00:00\" \/>\n<meta name=\"twitter:card\" content=\"summary_large_image\" \/>\n<meta name=\"twitter:label1\" content=\"Est. reading time\" \/>\n\t<meta name=\"twitter:data1\" content=\"7 minutes\" \/>\n<script type=\"application\/ld+json\" class=\"yoast-schema-graph\">{\"@context\":\"https:\/\/schema.org\",\"@graph\":[{\"@type\":\"WebPage\",\"@id\":\"https:\/\/www.emanegoce.com\/es\/peces-pelagicos\/\",\"url\":\"https:\/\/www.emanegoce.com\/es\/peces-pelagicos\/\",\"name\":\"Peces Pel\u00e1gicos Congelados | EMANEGOCE\",\"isPartOf\":{\"@id\":\"https:\/\/www.emanegoce.com\/#website\"},\"datePublished\":\"2025-05-15T13:17:12+00:00\",\"dateModified\":\"2025-06-20T14:06:51+00:00\",\"description\":\"Descubra nuestra selecci\u00f3n de peces pel\u00e1gicos congelados: sardinas, caballas, jureles\u2026 Calidad rigurosamente seleccionada para mercados profesionales.\",\"breadcrumb\":{\"@id\":\"https:\/\/www.emanegoce.com\/es\/peces-pelagicos\/#breadcrumb\"},\"inLanguage\":\"es-ES\",\"potentialAction\":[{\"@type\":\"ReadAction\",\"target\":[\"https:\/\/www.emanegoce.com\/es\/peces-pelagicos\/\"]}]},{\"@type\":\"BreadcrumbList\",\"@id\":\"https:\/\/www.emanegoce.com\/es\/peces-pelagicos\/#breadcrumb\",\"itemListElement\":[{\"@type\":\"ListItem\",\"position\":1,\"name\":\"Accueil\",\"item\":\"https:\/\/www.emanegoce.com\/es\/\"},{\"@type\":\"ListItem\",\"position\":2,\"name\":\"Peces pel\u00e1gicos y de acuicultura\"}]},{\"@type\":\"WebSite\",\"@id\":\"https:\/\/www.emanegoce.com\/#website\",\"url\":\"https:\/\/www.emanegoce.com\/\",\"name\":\"EMA NEGOCE\",\"description\":\"Soci\u00e9t\u00e9 D\u2019IMPORT \u2013 EXPORT\",\"publisher\":{\"@id\":\"https:\/\/www.emanegoce.com\/#organization\"},\"potentialAction\":[{\"@type\":\"SearchAction\",\"target\":{\"@type\":\"EntryPoint\",\"urlTemplate\":\"https:\/\/www.emanegoce.com\/?s={search_term_string}\"},\"query-input\":{\"@type\":\"PropertyValueSpecification\",\"valueRequired\":true,\"valueName\":\"search_term_string\"}}],\"inLanguage\":\"es-ES\"},{\"@type\":\"Organization\",\"@id\":\"https:\/\/www.emanegoce.com\/#organization\",\"name\":\"EMA NEGOCE\",\"alternateName\":\"Ema\",\"url\":\"https:\/\/www.emanegoce.com\/\",\"logo\":{\"@type\":\"ImageObject\",\"inLanguage\":\"es-ES\",\"@id\":\"https:\/\/www.emanegoce.com\/#\/schema\/logo\/image\/\",\"url\":\"https:\/\/www.emanegoce.com\/wp-content\/uploads\/2017\/07\/EMA_negoce-logo.png\",\"contentUrl\":\"https:\/\/www.emanegoce.com\/wp-content\/uploads\/2017\/07\/EMA_negoce-logo.png\",\"width\":500,\"height\":292,\"caption\":\"EMA NEGOCE\"},\"image\":{\"@id\":\"https:\/\/www.emanegoce.com\/#\/schema\/logo\/image\/\"}}]}<\/script>\n<!-- \/ Yoast SEO plugin. -->","yoast_head_json":{"title":"Peces Pel\u00e1gicos Congelados | EMANEGOCE","description":"Descubra nuestra selecci\u00f3n de peces pel\u00e1gicos congelados: sardinas, caballas, jureles\u2026 Calidad rigurosamente seleccionada para mercados profesionales.","robots":{"index":"index","follow":"follow","max-snippet":"max-snippet:-1","max-image-preview":"max-image-preview:large","max-video-preview":"max-video-preview:-1"},"canonical":"https:\/\/www.emanegoce.com\/es\/peces-pelagicos\/","og_locale":"es_ES","og_type":"article","og_title":"Peces Pel\u00e1gicos Congelados | EMANEGOCE","og_description":"Descubra nuestra selecci\u00f3n de peces pel\u00e1gicos congelados: sardinas, caballas, jureles\u2026 Calidad rigurosamente seleccionada para mercados profesionales.","og_url":"https:\/\/www.emanegoce.com\/es\/peces-pelagicos\/","og_site_name":"EMA NEGOCE","article_modified_time":"2025-06-20T14:06:51+00:00","twitter_card":"summary_large_image","twitter_misc":{"Est. reading time":"7 minutes"},"schema":{"@context":"https:\/\/schema.org","@graph":[{"@type":"WebPage","@id":"https:\/\/www.emanegoce.com\/es\/peces-pelagicos\/","url":"https:\/\/www.emanegoce.com\/es\/peces-pelagicos\/","name":"Peces Pel\u00e1gicos Congelados | EMANEGOCE","isPartOf":{"@id":"https:\/\/www.emanegoce.com\/#website"},"datePublished":"2025-05-15T13:17:12+00:00","dateModified":"2025-06-20T14:06:51+00:00","description":"Descubra nuestra selecci\u00f3n de peces pel\u00e1gicos congelados: sardinas, caballas, jureles\u2026 Calidad rigurosamente seleccionada para mercados profesionales.","breadcrumb":{"@id":"https:\/\/www.emanegoce.com\/es\/peces-pelagicos\/#breadcrumb"},"inLanguage":"es-ES","potentialAction":[{"@type":"ReadAction","target":["https:\/\/www.emanegoce.com\/es\/peces-pelagicos\/"]}]},{"@type":"BreadcrumbList","@id":"https:\/\/www.emanegoce.com\/es\/peces-pelagicos\/#breadcrumb","itemListElement":[{"@type":"ListItem","position":1,"name":"Accueil","item":"https:\/\/www.emanegoce.com\/es\/"},{"@type":"ListItem","position":2,"name":"Peces pel\u00e1gicos y de acuicultura"}]},{"@type":"WebSite","@id":"https:\/\/www.emanegoce.com\/#website","url":"https:\/\/www.emanegoce.com\/","name":"EMA NEGOCE","description":"Soci\u00e9t\u00e9 D\u2019IMPORT \u2013 EXPORT","publisher":{"@id":"https:\/\/www.emanegoce.com\/#organization"},"potentialAction":[{"@type":"SearchAction","target":{"@type":"EntryPoint","urlTemplate":"https:\/\/www.emanegoce.com\/?s={search_term_string}"},"query-input":{"@type":"PropertyValueSpecification","valueRequired":true,"valueName":"search_term_string"}}],"inLanguage":"es-ES"},{"@type":"Organization","@id":"https:\/\/www.emanegoce.com\/#organization","name":"EMA NEGOCE","alternateName":"Ema","url":"https:\/\/www.emanegoce.com\/","logo":{"@type":"ImageObject","inLanguage":"es-ES","@id":"https:\/\/www.emanegoce.com\/#\/schema\/logo\/image\/","url":"https:\/\/www.emanegoce.com\/wp-content\/uploads\/2017\/07\/EMA_negoce-logo.png","contentUrl":"https:\/\/www.emanegoce.com\/wp-content\/uploads\/2017\/07\/EMA_negoce-logo.png","width":500,"height":292,"caption":"EMA NEGOCE"},"image":{"@id":"https:\/\/www.emanegoce.com\/#\/schema\/logo\/image\/"}}]}},"_links":{"self":[{"href":"https:\/\/www.emanegoce.com\/es\/wp-json\/wp\/v2\/pages\/14944","targetHints":{"allow":["GET"]}}],"collection":[{"href":"https:\/\/www.emanegoce.com\/es\/wp-json\/wp\/v2\/pages"}],"about":[{"href":"https:\/\/www.emanegoce.com\/es\/wp-json\/wp\/v2\/types\/page"}],"author":[{"embeddable":true,"href":"https:\/\/www.emanegoce.com\/es\/wp-json\/wp\/v2\/users\/4"}],"replies":[{"embeddable":true,"href":"https:\/\/www.emanegoce.com\/es\/wp-json\/wp\/v2\/comments?post=14944"}],"version-history":[{"count":9,"href":"https:\/\/www.emanegoce.com\/es\/wp-json\/wp\/v2\/pages\/14944\/revisions"}],"predecessor-version":[{"id":16751,"href":"https:\/\/www.emanegoce.com\/es\/wp-json\/wp\/v2\/pages\/14944\/revisions\/16751"}],"wp:attachment":[{"href":"https:\/\/www.emanegoce.com\/es\/wp-json\/wp\/v2\/media?parent=14944"}],"curies":[{"name":"wp","href":"https:\/\/api.w.org\/{rel}","templated":true}]}}