{"id":14956,"date":"2025-05-15T13:26:30","date_gmt":"2025-05-15T13:26:30","guid":{"rendered":"https:\/\/www.emanegoce.com\/seco-salado\/"},"modified":"2025-06-20T16:57:56","modified_gmt":"2025-06-20T14:57:56","slug":"seco-salado","status":"publish","type":"page","link":"https:\/\/www.emanegoce.com\/es\/seco-salado\/","title":{"rendered":"Salado seco (nuevo)"},"content":{"rendered":"<p>[et_pb_section fb_built=&#8221;1&#8243; admin_label=&#8221;section&#8221; _builder_version=&#8221;3.0.83&#8243; background_image=&#8221;http:\/\/www.emanegoce.com\/wp-content\/uploads\/fond.webp&#8221; custom_css_main_element=&#8221;background-position: center 60%; \/* modifie le %22%%22 selon le cadrage souhait\u00e9 *\/||&#8221;][et_pb_row admin_label=&#8221;row&#8221; _builder_version=&#8221;3.0.47&#8243; background_size=&#8221;initial&#8221; background_position=&#8221;top_left&#8221; background_repeat=&#8221;repeat&#8221; _i=&#8221;0&#8243; _address=&#8221;0.0&#8243;][et_pb_column type=&#8221;4_4&#8243; _builder_version=&#8221;3.0.47&#8243; parallax=&#8221;off&#8221; parallax_method=&#8221;on&#8221;][et_pb_text _builder_version=&#8221;3.0.83&#8243; text_font=&#8221;||||||||&#8221; header_font=&#8221;|600|||||||&#8221; header_text_align=&#8221;center&#8221; header_font_size=&#8221;45px&#8221; header_text_color=&#8221;#ffffff&#8221;]<\/p>\n<h1> Pescados salados y secos<\/h1>\n<p>[\/et_pb_text][\/et_pb_column][\/et_pb_row][\/et_pb_section][et_pb_section fb_built=&#8221;1&#8243; _builder_version=&#8221;3.0.83&#8243; custom_padding=&#8221;0px|0px|0px|0px&#8221;][et_pb_row make_fullwidth=&#8221;on&#8221; _builder_version=&#8221;3.0.83&#8243;][et_pb_column type=&#8221;4_4&#8243; _builder_version=&#8221;3.0.83&#8243; parallax=&#8221;off&#8221; parallax_method=&#8221;on&#8221;][et_pb_text _builder_version=&#8221;3.0.83&#8243; text_font=&#8221;Poppins||||||||&#8221; text_font_size=&#8221;25px&#8221; text_text_color=&#8221;#0c0c0c&#8221; header_font=&#8221;Poppins||||||||&#8221; header_font_size=&#8221;22px&#8221; header_2_font=&#8221;|600|||||||&#8221; text_orientation=&#8221;center&#8221;]<\/p>\n<h2><span>Le ofrecemos migas de pescado salado y seco, un producto b\u00e1sico para muchas recetas criollas, especialmente los famosos accras de bacalao y las migas rougail de La Reuni\u00f3n. Con 20 a\u00f1os de experiencia en estos productos, hemos seleccionado las mejores f\u00e1bricas para garantizarle una calidad impecable. <\/span><\/h2>\n<p>[\/et_pb_text][\/et_pb_column][\/et_pb_row][\/et_pb_section][et_pb_section fb_built=&#8221;1&#8243; _builder_version=&#8221;3.0.83&#8243; custom_padding=&#8221;0px|0px|53px|0px&#8221;][et_pb_row module_class=&#8221;boite-arrondie&#8221; _builder_version=&#8221;3.0.83&#8243; module_alignment=&#8221;center&#8221;][et_pb_column type=&#8221;4_4&#8243; _builder_version=&#8221;3.0.83&#8243; parallax=&#8221;off&#8221; parallax_method=&#8221;on&#8221;][et_pb_text _builder_version=&#8221;3.0.83&#8243; header_font=&#8221;||||||||&#8221; header_2_font=&#8221;|600|||||||&#8221;]<\/p>\n<h2><span>Especies principales:<\/span><\/h2>\n<p>[\/et_pb_text][\/et_pb_column][\/et_pb_row][et_pb_row make_fullwidth=&#8221;on&#8221; _builder_version=&#8221;3.0.83&#8243;][et_pb_column type=&#8221;1_2&#8243; _builder_version=&#8221;3.0.83&#8243; parallax=&#8221;off&#8221; parallax_method=&#8221;on&#8221;][et_pb_code module_id=&#8221;morue&#8221; module_class=&#8221;resumer-box&#8221; _builder_version=&#8221;3.0.83&#8243; text_orientation=&#8221;left&#8221; custom_css_main_element=&#8221;.bloc-images-texte {||  font-family: &#8216;Default&#8217;, sans-serif !important;||  max-width: 900px !important;||  margin: 40px auto !important;||  text-align: center !important;||}||||.bloc-images-texte .images-ligne {||  display: flex !important;||  justify-content: center !important;||  gap: 40px !important;||  flex-wrap: wrap !important;||  margin-bottom: 30px !important;||}||||.bloc-images-texte .images-ligne img {||  width: 300px !important;||  height: auto !important;||  border-radius: 12px !important;||  box-shadow: 0 8px 20px rgba(0,0,0,0.25) !important;||}||||.bloc-images-texte .texte-dessous {||  font-size: 32px !important;||  font-weight: 700 !important;||  color: #222 !important;||  line-height: 1.6 !important;||}||||.bloc-images-texte .texte-italic {||  font-size: 24px !important;||  font-style: italic !important;||  color: #555 !important;||  margin-top: 15px !important;||}||||@media (max-width: 600px) {||  .bloc-images-texte .images-ligne {||    flex-direction: column !important;||    align-items: center !important;||  }||||  .bloc-images-texte .images-ligne img {||    width: 90% !important;||    max-width: 350px !important;||  }||}||&#8221;]&lt;div class=&quot;bloc-images-texte&quot;&gt;&lt;!&#8211; [et_pb_line_break_holder] &#8211;&gt; &lt;div class=&quot;images-ligne&quot;&gt;&lt;!&#8211; [et_pb_line_break_holder] &#8211;&gt; &lt;img src=&quot;http:\/\/www.emanegoce.com\/wp-content\/uploads\/DSCN0614.webp&quot; alt=&quot;poissons sal\u00e9s s\u00e9ch\u00e9s&quot;&gt;&lt;!&#8211; [et_pb_line_break_holder] &#8211;&gt; &lt;img src=&quot;http:\/\/www.emanegoce.com\/wp-content\/uploads\/miettes-morue-sac-5-kg.webp&quot; alt=&quot;poissons sal\u00e9s s\u00e9ch\u00e9s&quot;&gt;&lt;!&#8211; [et_pb_line_break_holder] &#8211;&gt; &lt;\/div&gt;&lt;!&#8211; [et_pb_line_break_holder] &#8211;&gt; &lt;div class=&quot;texte-dessous&quot;&gt;&lt;!&#8211; [et_pb_line_break_holder]  &#8211;&gt; Bacalao&lt;!&#8211; [et_pb_line_break_holder]  &#8211;&gt;  &lt;\/div&gt;&lt;!&#8211; [et_pb_line_break_holder] &#8211;&gt; &lt;div class=&quot;texte-italic&quot;&gt;&lt;!&#8211; [et_pb_line_break_holder]  &#8211;&gt; (Gadus macrocephalus)&lt;!&#8211; [et_pb_line_break_holder]  &#8211;&gt;  &lt;\/div&gt;&lt;!&#8211; [et_pb_line_break_holder] &#8211;&gt;&lt;\/div&gt;[\/et_pb_code][\/et_pb_column][et_pb_column type=&#8221;1_2&#8243; _builder_version=&#8221;3.0.83&#8243; parallax=&#8221;off&#8221; parallax_method=&#8221;on&#8221;][et_pb_code module_class=&#8221;resumer-box&#8221; _builder_version=&#8221;3.0.83&#8243; custom_css_main_element=&#8221;.bloc-images-texte {||  font-family: &#8216;Default&#8217;, sans-serif !important;||  max-width: 900px !important;||  margin: 40px auto !important;||  text-align: center !important;||}||||.bloc-images-texte .images-ligne {||  display: flex !important;||  justify-content: center !important;||  gap: 40px !important;||  flex-wrap: wrap !important;||  margin-bottom: 30px !important;||}||||.bloc-images-texte .images-ligne img {||  width: 300px !important;||  height: auto !important;||  border-radius: 12px !important;||  box-shadow: 0 8px 20px rgba(0,0,0,0.25) !important;||}||||.bloc-images-texte .texte-dessous {||  font-size: 32px !important;||  font-weight: 700 !important;||  color: #222 !important;||  line-height: 1.6 !important;||}||||.bloc-images-texte .texte-italic {||  font-size: 24px !important;||  font-style: italic !important;||  color: #555 !important;||  margin-top: 15px !important;||}||||@media (max-width: 600px) {||  .bloc-images-texte .images-ligne {||    flex-direction: column !important;||    align-items: center !important;||  }||||  .bloc-images-texte .images-ligne img {||    width: 90% !important;||    max-width: 350px !important;||  }||}||&#8221;]&lt;div class=&quot;bloc-images-texte&quot;&gt;&lt;!&#8211; [et_pb_line_break_holder] &#8211;&gt; &lt;div class=&quot;images-ligne&quot;&gt;&lt;!&#8211; [et_pb_line_break_holder] &#8211;&gt; &lt;img src=&quot;http:\/\/www.emanegoce.com\/wp-content\/uploads\/miettes-colin-Alaska-400gr.webp&quot; alt=&quot;poissons sal\u00e9s s\u00e9ch\u00e9s&quot;&gt;&lt;!&#8211; [et_pb_line_break_holder] &#8211;&gt; &lt;img src=&quot;http:\/\/www.emanegoce.com\/wp-content\/uploads\/DSCN2881.webp&quot; alt=&quot;poissons sal\u00e9s s\u00e9ch\u00e9s&quot;&gt;&lt;!&#8211; [et_pb_line_break_holder] &#8211;&gt; &lt;\/div&gt;&lt;!&#8211; [et_pb_line_break_holder] &#8211;&gt; &lt;div class=&quot;texte-dessous&quot;&gt;&lt;!&#8211; [et_pb_line_break_holder]  &#8211;&gt; Abadejo de Alaska&lt;!&#8211; [et_pb_line_break_holder]  &#8211;&gt;  &lt;\/div&gt;&lt;!&#8211; [et_pb_line_break_holder] &#8211;&gt; &lt;div class=&quot;texte-italic&quot;&gt;&lt;!&#8211; [et_pb_line_break_holder]  &#8211;&gt; (Theragra chalcogramma)&lt;!&#8211; [et_pb_line_break_holder]  &#8211;&gt;  &lt;\/div&gt;&lt;!&#8211; [et_pb_line_break_holder] &#8211;&gt;&lt;\/div&gt;[\/et_pb_code][\/et_pb_column][\/et_pb_row][\/et_pb_section][et_pb_section fb_built=&#8221;1&#8243; _builder_version=&#8221;3.0.83&#8243; custom_padding=&#8221;54px|0px|0px|0px&#8221;][et_pb_row module_class=&#8221;boite-arrondie&#8221; _builder_version=&#8221;3.0.83&#8243; module_alignment=&#8221;center&#8221;][et_pb_column type=&#8221;4_4&#8243; _builder_version=&#8221;3.0.83&#8243; parallax=&#8221;off&#8221; parallax_method=&#8221;on&#8221;][et_pb_text _builder_version=&#8221;3.0.83&#8243; header_font=&#8221;|600|||||||&#8221; header_2_font=&#8221;|600|||||||&#8221;]<\/p>\n<h2>Pescados salados y secos corte mariposa<\/h2>\n<p>[\/et_pb_text][\/et_pb_column][\/et_pb_row][et_pb_row _builder_version=&#8221;3.0.83&#8243;][et_pb_column type=&#8221;1_2&#8243; _builder_version=&#8221;3.0.83&#8243; parallax=&#8221;off&#8221; parallax_method=&#8221;on&#8221;][et_pb_blurb title=&#8221;Merl\u00e1n&#8221; image=&#8221;http:\/\/www.emanegoce.com\/wp-content\/uploads\/saithe-colin-1.webp&#8221; alt=&#8221;pescados salados y secos&#8221; module_class=&#8221;resumer-box&#8221; _builder_version=&#8221;3.0.83&#8243; header_font=&#8221;||||||||&#8221; header_text_align=&#8221;center&#8221; header_font_size=&#8221;25px&#8221; header_text_color=&#8221;#0c0c0c&#8221; body_font=&#8221;Poppins||||||||&#8221; body_font_size=&#8221;18px&#8221; text_orientation=&#8221;center&#8221; animation=&#8221;off&#8221;]<\/p>\n<p><span> (Pollachius virens)<\/span><\/p>\n<p>[\/et_pb_blurb][\/et_pb_column][et_pb_column type=&#8221;1_2&#8243; _builder_version=&#8221;3.0.83&#8243; parallax=&#8221;off&#8221; parallax_method=&#8221;on&#8221;][et_pb_blurb title=&#8221;Brosme&#8221; image=&#8221;http:\/\/www.emanegoce.com\/wp-content\/uploads\/tusk-brosme-1.webp&#8221; alt=&#8221;pescados salados y secos&#8221; module_class=&#8221;resumer-box&#8221; _builder_version=&#8221;3.0.83&#8243; header_font=&#8221;||||||||&#8221; header_font_size=&#8221;25px&#8221; header_text_color=&#8221;#0c0c0c&#8221; body_font=&#8221;Poppins||||||||&#8221; body_font_size=&#8221;18px&#8221; body_text_color=&#8221;#727272&#8243; text_orientation=&#8221;center&#8221; animation=&#8221;off&#8221;]<\/p>\n<p><span>(Brosme brosme)<\/span><\/p>\n<p>[\/et_pb_blurb][\/et_pb_column][\/et_pb_row][et_pb_row _builder_version=&#8221;3.0.83&#8243;][et_pb_column type=&#8221;4_4&#8243; _builder_version=&#8221;3.0.83&#8243; parallax=&#8221;off&#8221; parallax_method=&#8221;on&#8221;][et_pb_text _builder_version=&#8221;3.0.83&#8243; text_font=&#8221;||||||||&#8221; text_font_size=&#8221;20px&#8221; text_text_color=&#8221;#0c0c0c&#8221; header_font=&#8221;||||||||&#8221; header_2_font=&#8221;||||||||&#8221; header_3_font=&#8221;Poppins||||||||&#8221; header_3_font_size=&#8221;26px&#8221;]<\/p>\n<p style=\"text-align: center;\">Le ofrecemos pescado salado y seco &#8220;makayabu&#8221;, producido de forma tradicional y artesanal en Noruega. Le garantizamos un producto con &#8220;secado tropical&#8221; que cumple con las exigencias de conservaci\u00f3n espec\u00edficas para los mercados de \u00c1frica Central. <\/p>\n<p>[\/et_pb_text][\/et_pb_column][\/et_pb_row][\/et_pb_section][et_pb_section fb_built=&#8221;1&#8243; _builder_version=&#8221;3.0.83&#8243; custom_padding=&#8221;0px|0px|0px|0px&#8221;][et_pb_row custom_padding=&#8221;0px|0px|0px|0px&#8221; _builder_version=&#8221;3.0.83&#8243;][et_pb_column type=&#8221;4_4&#8243; _builder_version=&#8221;3.0.83&#8243; parallax=&#8221;off&#8221; parallax_method=&#8221;on&#8221;][et_pb_button button_url=&#8221;https:\/\/www.emanegoce.com\/es\/contacto-nuevo\/&#8221; button_text=&#8221;Cont\u00e1ctanos&#8221; _builder_version=&#8221;3.0.83&#8243;][\/et_pb_button][\/et_pb_column][\/et_pb_row][\/et_pb_section]<\/p>\n","protected":false},"excerpt":{"rendered":"<p>[et_pb_section fb_built=&#8221;1&#8243; admin_label=&#8221;section&#8221; _builder_version=&#8221;3.0.83&#8243; background_image=&#8221;http:\/\/www.emanegoce.com\/wp-content\/uploads\/fond.webp&#8221; custom_css_main_element=&#8221;background-position: center 60%; \/* modifie le %22%%22 selon le cadrage souhait\u00e9 *\/||&#8221;][et_pb_row admin_label=&#8221;row&#8221; _builder_version=&#8221;3.0.47&#8243; background_size=&#8221;initial&#8221; background_position=&#8221;top_left&#8221; background_repeat=&#8221;repeat&#8221; _i=&#8221;0&#8243; _address=&#8221;0.0&#8243;][et_pb_column type=&#8221;4_4&#8243; _builder_version=&#8221;3.0.47&#8243; parallax=&#8221;off&#8221; parallax_method=&#8221;on&#8221;][et_pb_text _builder_version=&#8221;3.0.83&#8243; text_font=&#8221;||||||||&#8221; header_font=&#8221;|600|||||||&#8221; header_text_align=&#8221;center&#8221; header_font_size=&#8221;45px&#8221; header_text_color=&#8221;#ffffff&#8221;] Pescados salados y secos [\/et_pb_text][\/et_pb_column][\/et_pb_row][\/et_pb_section][et_pb_section fb_built=&#8221;1&#8243; _builder_version=&#8221;3.0.83&#8243; custom_padding=&#8221;0px|0px|0px|0px&#8221;][et_pb_row make_fullwidth=&#8221;on&#8221; _builder_version=&#8221;3.0.83&#8243;][et_pb_column type=&#8221;4_4&#8243; _builder_version=&#8221;3.0.83&#8243; parallax=&#8221;off&#8221; parallax_method=&#8221;on&#8221;][et_pb_text _builder_version=&#8221;3.0.83&#8243; text_font=&#8221;Poppins||||||||&#8221; text_font_size=&#8221;25px&#8221; text_text_color=&#8221;#0c0c0c&#8221; header_font=&#8221;Poppins||||||||&#8221; header_font_size=&#8221;22px&#8221; header_2_font=&#8221;|600|||||||&#8221; [&hellip;]<\/p>\n","protected":false},"author":4,"featured_media":0,"parent":0,"menu_order":0,"comment_status":"closed","ping_status":"closed","template":"","meta":{"footnotes":""},"class_list":["post-14956","page","type-page","status-publish","hentry"],"yoast_head":"<!-- This site is optimized with the Yoast SEO plugin v25.3.1 - https:\/\/yoast.com\/wordpress\/plugins\/seo\/ -->\n<title>Pescados salados y secos \u2013 Bacalao y Abadejo | EMANEGOCE<\/title>\n<meta name=\"description\" content=\"Venta de pescados salados y secos: bacalao, abadejo de Alaska y otros pescados preparados seg\u00fan la tradici\u00f3n. Productos de calidad EMANEGOCE.\" \/>\n<meta name=\"robots\" content=\"index, follow, max-snippet:-1, max-image-preview:large, max-video-preview:-1\" \/>\n<link rel=\"canonical\" href=\"https:\/\/www.emanegoce.com\/es\/seco-salado\/\" \/>\n<meta property=\"og:locale\" content=\"es_ES\" \/>\n<meta property=\"og:type\" content=\"article\" \/>\n<meta property=\"og:title\" content=\"Pescados salados y secos \u2013 Bacalao y Abadejo | EMANEGOCE\" \/>\n<meta property=\"og:description\" content=\"Venta de pescados salados y secos: bacalao, abadejo de Alaska y otros pescados preparados seg\u00fan la tradici\u00f3n. Productos de calidad EMANEGOCE.\" \/>\n<meta property=\"og:url\" content=\"https:\/\/www.emanegoce.com\/es\/seco-salado\/\" \/>\n<meta property=\"og:site_name\" content=\"EMA NEGOCE\" \/>\n<meta property=\"article:modified_time\" content=\"2025-06-20T14:57:56+00:00\" \/>\n<meta name=\"twitter:card\" content=\"summary_large_image\" \/>\n<meta name=\"twitter:label1\" content=\"Est. reading time\" \/>\n\t<meta name=\"twitter:data1\" content=\"6 minutes\" \/>\n<script type=\"application\/ld+json\" class=\"yoast-schema-graph\">{\"@context\":\"https:\/\/schema.org\",\"@graph\":[{\"@type\":\"WebPage\",\"@id\":\"https:\/\/www.emanegoce.com\/es\/seco-salado\/\",\"url\":\"https:\/\/www.emanegoce.com\/es\/seco-salado\/\",\"name\":\"Pescados salados y secos \u2013 Bacalao y Abadejo | EMANEGOCE\",\"isPartOf\":{\"@id\":\"https:\/\/www.emanegoce.com\/#website\"},\"datePublished\":\"2025-05-15T13:26:30+00:00\",\"dateModified\":\"2025-06-20T14:57:56+00:00\",\"description\":\"Venta de pescados salados y secos: bacalao, abadejo de Alaska y otros pescados preparados seg\u00fan la tradici\u00f3n. Productos de calidad EMANEGOCE.\",\"breadcrumb\":{\"@id\":\"https:\/\/www.emanegoce.com\/es\/seco-salado\/#breadcrumb\"},\"inLanguage\":\"es-ES\",\"potentialAction\":[{\"@type\":\"ReadAction\",\"target\":[\"https:\/\/www.emanegoce.com\/es\/seco-salado\/\"]}]},{\"@type\":\"BreadcrumbList\",\"@id\":\"https:\/\/www.emanegoce.com\/es\/seco-salado\/#breadcrumb\",\"itemListElement\":[{\"@type\":\"ListItem\",\"position\":1,\"name\":\"Accueil\",\"item\":\"https:\/\/www.emanegoce.com\/es\/\"},{\"@type\":\"ListItem\",\"position\":2,\"name\":\"Salado seco (nuevo)\"}]},{\"@type\":\"WebSite\",\"@id\":\"https:\/\/www.emanegoce.com\/#website\",\"url\":\"https:\/\/www.emanegoce.com\/\",\"name\":\"EMA NEGOCE\",\"description\":\"Soci\u00e9t\u00e9 D\u2019IMPORT \u2013 EXPORT\",\"publisher\":{\"@id\":\"https:\/\/www.emanegoce.com\/#organization\"},\"potentialAction\":[{\"@type\":\"SearchAction\",\"target\":{\"@type\":\"EntryPoint\",\"urlTemplate\":\"https:\/\/www.emanegoce.com\/?s={search_term_string}\"},\"query-input\":{\"@type\":\"PropertyValueSpecification\",\"valueRequired\":true,\"valueName\":\"search_term_string\"}}],\"inLanguage\":\"es-ES\"},{\"@type\":\"Organization\",\"@id\":\"https:\/\/www.emanegoce.com\/#organization\",\"name\":\"EMA NEGOCE\",\"alternateName\":\"Ema\",\"url\":\"https:\/\/www.emanegoce.com\/\",\"logo\":{\"@type\":\"ImageObject\",\"inLanguage\":\"es-ES\",\"@id\":\"https:\/\/www.emanegoce.com\/#\/schema\/logo\/image\/\",\"url\":\"https:\/\/www.emanegoce.com\/wp-content\/uploads\/2017\/07\/EMA_negoce-logo.png\",\"contentUrl\":\"https:\/\/www.emanegoce.com\/wp-content\/uploads\/2017\/07\/EMA_negoce-logo.png\",\"width\":500,\"height\":292,\"caption\":\"EMA NEGOCE\"},\"image\":{\"@id\":\"https:\/\/www.emanegoce.com\/#\/schema\/logo\/image\/\"}}]}<\/script>\n<!-- \/ Yoast SEO plugin. -->","yoast_head_json":{"title":"Pescados salados y secos \u2013 Bacalao y Abadejo | EMANEGOCE","description":"Venta de pescados salados y secos: bacalao, abadejo de Alaska y otros pescados preparados seg\u00fan la tradici\u00f3n. Productos de calidad EMANEGOCE.","robots":{"index":"index","follow":"follow","max-snippet":"max-snippet:-1","max-image-preview":"max-image-preview:large","max-video-preview":"max-video-preview:-1"},"canonical":"https:\/\/www.emanegoce.com\/es\/seco-salado\/","og_locale":"es_ES","og_type":"article","og_title":"Pescados salados y secos \u2013 Bacalao y Abadejo | EMANEGOCE","og_description":"Venta de pescados salados y secos: bacalao, abadejo de Alaska y otros pescados preparados seg\u00fan la tradici\u00f3n. Productos de calidad EMANEGOCE.","og_url":"https:\/\/www.emanegoce.com\/es\/seco-salado\/","og_site_name":"EMA NEGOCE","article_modified_time":"2025-06-20T14:57:56+00:00","twitter_card":"summary_large_image","twitter_misc":{"Est. reading time":"6 minutes"},"schema":{"@context":"https:\/\/schema.org","@graph":[{"@type":"WebPage","@id":"https:\/\/www.emanegoce.com\/es\/seco-salado\/","url":"https:\/\/www.emanegoce.com\/es\/seco-salado\/","name":"Pescados salados y secos \u2013 Bacalao y Abadejo | EMANEGOCE","isPartOf":{"@id":"https:\/\/www.emanegoce.com\/#website"},"datePublished":"2025-05-15T13:26:30+00:00","dateModified":"2025-06-20T14:57:56+00:00","description":"Venta de pescados salados y secos: bacalao, abadejo de Alaska y otros pescados preparados seg\u00fan la tradici\u00f3n. Productos de calidad EMANEGOCE.","breadcrumb":{"@id":"https:\/\/www.emanegoce.com\/es\/seco-salado\/#breadcrumb"},"inLanguage":"es-ES","potentialAction":[{"@type":"ReadAction","target":["https:\/\/www.emanegoce.com\/es\/seco-salado\/"]}]},{"@type":"BreadcrumbList","@id":"https:\/\/www.emanegoce.com\/es\/seco-salado\/#breadcrumb","itemListElement":[{"@type":"ListItem","position":1,"name":"Accueil","item":"https:\/\/www.emanegoce.com\/es\/"},{"@type":"ListItem","position":2,"name":"Salado seco (nuevo)"}]},{"@type":"WebSite","@id":"https:\/\/www.emanegoce.com\/#website","url":"https:\/\/www.emanegoce.com\/","name":"EMA NEGOCE","description":"Soci\u00e9t\u00e9 D\u2019IMPORT \u2013 EXPORT","publisher":{"@id":"https:\/\/www.emanegoce.com\/#organization"},"potentialAction":[{"@type":"SearchAction","target":{"@type":"EntryPoint","urlTemplate":"https:\/\/www.emanegoce.com\/?s={search_term_string}"},"query-input":{"@type":"PropertyValueSpecification","valueRequired":true,"valueName":"search_term_string"}}],"inLanguage":"es-ES"},{"@type":"Organization","@id":"https:\/\/www.emanegoce.com\/#organization","name":"EMA NEGOCE","alternateName":"Ema","url":"https:\/\/www.emanegoce.com\/","logo":{"@type":"ImageObject","inLanguage":"es-ES","@id":"https:\/\/www.emanegoce.com\/#\/schema\/logo\/image\/","url":"https:\/\/www.emanegoce.com\/wp-content\/uploads\/2017\/07\/EMA_negoce-logo.png","contentUrl":"https:\/\/www.emanegoce.com\/wp-content\/uploads\/2017\/07\/EMA_negoce-logo.png","width":500,"height":292,"caption":"EMA NEGOCE"},"image":{"@id":"https:\/\/www.emanegoce.com\/#\/schema\/logo\/image\/"}}]}},"_links":{"self":[{"href":"https:\/\/www.emanegoce.com\/es\/wp-json\/wp\/v2\/pages\/14956","targetHints":{"allow":["GET"]}}],"collection":[{"href":"https:\/\/www.emanegoce.com\/es\/wp-json\/wp\/v2\/pages"}],"about":[{"href":"https:\/\/www.emanegoce.com\/es\/wp-json\/wp\/v2\/types\/page"}],"author":[{"embeddable":true,"href":"https:\/\/www.emanegoce.com\/es\/wp-json\/wp\/v2\/users\/4"}],"replies":[{"embeddable":true,"href":"https:\/\/www.emanegoce.com\/es\/wp-json\/wp\/v2\/comments?post=14956"}],"version-history":[{"count":6,"href":"https:\/\/www.emanegoce.com\/es\/wp-json\/wp\/v2\/pages\/14956\/revisions"}],"predecessor-version":[{"id":16773,"href":"https:\/\/www.emanegoce.com\/es\/wp-json\/wp\/v2\/pages\/14956\/revisions\/16773"}],"wp:attachment":[{"href":"https:\/\/www.emanegoce.com\/es\/wp-json\/wp\/v2\/media?parent=14956"}],"curies":[{"name":"wp","href":"https:\/\/api.w.org\/{rel}","templated":true}]}}