{"id":16337,"date":"2025-06-16T09:42:00","date_gmt":"2025-06-16T07:42:00","guid":{"rendered":"https:\/\/www.emanegoce.com\/quienes-somos\/"},"modified":"2025-06-20T17:10:54","modified_gmt":"2025-06-20T15:10:54","slug":"quienes-somos","status":"publish","type":"page","link":"https:\/\/www.emanegoce.com\/es\/quienes-somos\/","title":{"rendered":"Qui\u00e9nes somos"},"content":{"rendered":"<p>[et_pb_section fb_built=&#8221;1&#8243; admin_label=&#8221;section&#8221; _builder_version=&#8221;3.0.83&#8243; background_image=&#8221;http:\/\/www.emanegoce.com\/wp-content\/uploads\/fond.webp&#8221; custom_padding=&#8221;54px|0px|54px|0px&#8221; custom_css_main_element=&#8221;background-position: center 60%; \/* modifie le %22%%22 selon le cadrage souhait\u00e9 *\/||&#8221;][et_pb_row admin_label=&#8221;row&#8221; _builder_version=&#8221;3.0.47&#8243; background_size=&#8221;initial&#8221; background_position=&#8221;top_left&#8221; background_repeat=&#8221;repeat&#8221; _i=&#8221;0&#8243; _address=&#8221;0.0&#8243;][et_pb_column type=&#8221;4_4&#8243; _builder_version=&#8221;3.0.47&#8243; parallax=&#8221;off&#8221; parallax_method=&#8221;on&#8221;][et_pb_text admin_label=&#8221;Text&#8221; _builder_version=&#8221;3.0.83&#8243; text_font=&#8221;||||||||&#8221; header_font=&#8221;|600|||||||&#8221; header_font_size=&#8221;45px&#8221; header_text_color=&#8221;#ffffff&#8221; background_size=&#8221;initial&#8221; background_position=&#8221;top_left&#8221; background_repeat=&#8221;repeat&#8221;]<\/p>\n<h1>Qui\u00e9nes somos ?<\/h1>\n<p>[\/et_pb_text][\/et_pb_column][\/et_pb_row][\/et_pb_section][et_pb_section fb_built=&#8221;1&#8243; _builder_version=&#8221;3.0.83&#8243; custom_padding=&#8221;54px|0px|0px|0px&#8221;][et_pb_row make_fullwidth=&#8221;on&#8221; custom_padding=&#8221;27px|0px|0px|0px&#8221; _builder_version=&#8221;3.0.83&#8243;][et_pb_column type=&#8221;1_2&#8243; _builder_version=&#8221;3.0.83&#8243; parallax=&#8221;off&#8221; parallax_method=&#8221;on&#8221;][et_pb_text module_class=&#8221;fade-in&#8221; _builder_version=&#8221;3.0.83&#8243; text_font=&#8221;||||||||&#8221; text_font_size=&#8221;22px&#8221; text_text_color=&#8221;#0c0c0c&#8221; header_font=&#8221;||||||||&#8221;]<\/p>\n<p data-start=\"173\" data-end=\"413\" style=\"text-align: left;\">EMA es una empresa de comercio internacional e importaci\u00f3n, fundada en 2006 por Damien Legrand, un trader especializado en los mercados de \u00c1frica subsahariana. En 2008, se le uni\u00f3 como socio Bertrand Mauvisseau, ingeniero en ciencias pesqueras. <\/p>\n<p data-start=\"415\" data-end=\"491\" style=\"text-align: left;\">Con el tiempo, la empresa se ha desarrollado en dos \u00e1reas de actividad:<\/p>\n<ul data-start=\"493\" data-end=\"569\" style=\"text-align: left;\">\n<li data-start=\"493\" data-end=\"544\">\n<p data-start=\"495\" data-end=\"544\">Productos del mar congelados y salados secos<\/p>\n<\/li>\n<li data-start=\"545\" data-end=\"569\">\n<p data-start=\"547\" data-end=\"569\">productos agr\u00edcolas<\/p>\n<\/li>\n<\/ul>\n<p data-start=\"571\" data-end=\"727\" style=\"text-align: left;\">Tenemos una fuerte cercan\u00eda con el continente africano, tanto para la venta de nuestros productos como para abastecernos all\u00ed de pescados y camarones.<\/p>\n<p>[\/et_pb_text][et_pb_text _builder_version=&#8221;3.0.83&#8243; text_font=&#8221;||||||||&#8221; text_font_size=&#8221;22px&#8221; text_text_color=&#8221;#0c0c0c&#8221; header_font=&#8221;||||||||&#8221;]<\/p>\n<p data-start=\"729\" data-end=\"757\" style=\"text-align: left;\">Hoy, <strong>EMA<\/strong> es:<\/p>\n<p data-start=\"729\" data-end=\"757\" style=\"text-align: left;\">\n<ul data-start=\"759\" data-end=\"1059\">\n<li data-start=\"759\" data-end=\"800\" style=\"text-align: left;\">\n<p data-start=\"761\" data-end=\"800\">Compras en una veintena de pa\u00edses<\/p>\n<\/li>\n<li data-start=\"801\" data-end=\"923\" style=\"text-align: left;\">\n<p data-start=\"803\" data-end=\"923\">Contenedores entregados en casi todos los territorios franceses de ultramar y en una docena de pa\u00edses africanos<\/p>\n<\/li>\n<li data-start=\"924\" data-end=\"1059\">\n<p data-start=\"926\" data-end=\"1059\" style=\"text-align: left;\">Contenedores importados por el puerto de Le Havre, con un stock permanente de productos del mar congelados disponible en el lugar.<\/p>\n<\/li>\n<\/ul>\n<p>[\/et_pb_text][\/et_pb_column][et_pb_column type=&#8221;1_2&#8243; _builder_version=&#8221;3.0.83&#8243; parallax=&#8221;off&#8221; parallax_method=&#8221;on&#8221;][et_pb_image src=&#8221;http:\/\/www.emanegoce.com\/wp-content\/uploads\/celebration-photorealiste-de-la-journee-du-thon-sauvage-1.jpg&#8221; alt=&#8221;Empresa especializada en productos del mar&#8221; _builder_version=&#8221;3.0.83&#8243;][\/et_pb_image][\/et_pb_column][\/et_pb_row][\/et_pb_section][et_pb_section fb_built=&#8221;1&#8243; _builder_version=&#8221;3.0.83&#8243; custom_padding=&#8221;26px|0px|54px|0px&#8221;][et_pb_row make_fullwidth=&#8221;on&#8221; _builder_version=&#8221;3.0.83&#8243;][et_pb_column type=&#8221;4_4&#8243; _builder_version=&#8221;3.0.83&#8243; parallax=&#8221;off&#8221; parallax_method=&#8221;on&#8221;][et_pb_text _builder_version=&#8221;3.0.83&#8243; text_font=&#8221;||||||||&#8221; header_font=&#8221;||||||||&#8221; header_2_font=&#8221;|600|||||||&#8221;]<\/p>\n<h2 style=\"text-align: left;\"><span style=\"text-decoration: underline;\">Nuestros compromisos<\/span><\/h2>\n<p>[\/et_pb_text][\/et_pb_column][\/et_pb_row][et_pb_row make_fullwidth=&#8221;on&#8221; _builder_version=&#8221;3.0.83&#8243;][et_pb_column type=&#8221;1_2&#8243; _builder_version=&#8221;3.0.83&#8243; parallax=&#8221;off&#8221; parallax_method=&#8221;on&#8221;][et_pb_image src=&#8221;http:\/\/www.emanegoce.com\/wp-content\/uploads\/2017\/09\/NEGOCE-INTERNATIONAL-VERS-AFRIQUE-SUBSAHARIENNE.jpg&#8221; alt=&#8221;Empresa especializada en productos del mar&#8221; _builder_version=&#8221;3.0.83&#8243;][\/et_pb_image][\/et_pb_column][et_pb_column type=&#8221;1_2&#8243; _builder_version=&#8221;3.0.83&#8243; parallax=&#8221;off&#8221; parallax_method=&#8221;on&#8221;][et_pb_text _builder_version=&#8221;3.0.83&#8243; text_font=&#8221;||||||||&#8221; header_font=&#8221;||||||||&#8221; header_2_font=&#8221;|600|||||||&#8221; header_2_text_color=&#8221;#0c0c0c&#8221;]<\/p>\n<h2><strong>EMA<\/strong>, tu socio internacional<\/h2>\n<p>[\/et_pb_text][et_pb_text _builder_version=&#8221;3.0.83&#8243; text_font=&#8221;||||||||&#8221; text_font_size=&#8221;22px&#8221; text_text_color=&#8221;#0c0c0c&#8221; header_font=&#8221;||||||||&#8221;]<\/p>\n<p class=\"p1\">EMA est\u00e1 compuesta por un equipo de una decena de profesionales experimentados, que re\u00fanen las siguientes competencias:<\/p>\n<p>[\/et_pb_text][et_pb_text _builder_version=&#8221;3.0.83&#8243; text_font=&#8221;||||||||&#8221; text_font_size=&#8221;22px&#8221; text_text_color=&#8221;#0c0c0c&#8221; header_font=&#8221;||||||||&#8221;]<\/p>\n<p data-start=\"729\" data-end=\"757\" style=\"text-align: left;\">\n<ul data-start=\"759\" data-end=\"1059\">\n<li data-start=\"759\" data-end=\"800\" style=\"text-align: left;\">\n<p data-start=\"761\" data-end=\"800\">Un servicio log\u00edstico y documental de alto nivel, reactivo y eficaz, con capacidad para resolver las situaciones m\u00e1s complejas.<\/p>\n<\/li>\n<li style=\"text-align: left;\">Compradores y comerciales motivados, disponibles y atentos a tus necesidades, con muy buen conocimiento de productos y mercados.<\/li>\n<li data-start=\"759\" data-end=\"800\" style=\"text-align: left;\">Un departamento financiero familiarizado con las t\u00e9cnicas de pago y financiaci\u00f3n internacionales.<\/li>\n<\/ul>\n<p class=\"p1\" style=\"text-align: left;\">Nuestra filosof\u00eda empresarial es la del apoyo y el trabajo de desarrollo a largo plazo con todos nuestros socios: empleados, clientes, proveedores, etc.<\/p>\n<p class=\"p1\" style=\"text-align: left;\">Mantener nuestra palabra y generar confianza son valores esenciales para nosotros.<\/p>\n<p>[\/et_pb_text][\/et_pb_column][\/et_pb_row][\/et_pb_section][et_pb_section fb_built=&#8221;1&#8243; _builder_version=&#8221;3.0.83&#8243; custom_padding=&#8221;0px|0px|54px|0px&#8221;][et_pb_row make_fullwidth=&#8221;on&#8221; _builder_version=&#8221;3.0.83&#8243;][et_pb_column type=&#8221;4_4&#8243; _builder_version=&#8221;3.0.83&#8243; parallax=&#8221;off&#8221; parallax_method=&#8221;on&#8221;][et_pb_text _builder_version=&#8221;3.0.83&#8243; text_font=&#8221;||||||||&#8221; header_font=&#8221;||||||||&#8221; header_2_font=&#8221;|600|||||||&#8221;]<\/p>\n<h2 style=\"text-align: left;\"><span style=\"text-decoration: underline;\">Nuestras marcas<\/span><\/h2>\n<p>[\/et_pb_text][\/et_pb_column][\/et_pb_row][et_pb_row _builder_version=&#8221;3.0.83&#8243;][et_pb_column type=&#8221;4_4&#8243; _builder_version=&#8221;3.0.83&#8243; parallax=&#8221;off&#8221; parallax_method=&#8221;on&#8221;][et_pb_text _builder_version=&#8221;3.0.83&#8243; text_font=&#8221;||||||||&#8221; text_font_size=&#8221;22px&#8221; text_text_color=&#8221;#0c0c0c&#8221; header_font=&#8221;||||||||&#8221; header_2_font=&#8221;|600|||||||&#8221;]<\/p>\n<p class=\"p1\">Para nuestras marcas THETYS y KRAKEN, hemos seleccionado productos del mar de calidad para ofrecerte lo mejor.<\/p>\n<p>[\/et_pb_text][\/et_pb_column][\/et_pb_row][et_pb_row _builder_version=&#8221;3.0.83&#8243;][et_pb_column type=&#8221;1_2&#8243; _builder_version=&#8221;3.0.83&#8243; parallax=&#8221;off&#8221; parallax_method=&#8221;on&#8221;][et_pb_blurb title=&#8221;THETYS&#8221; image=&#8221;http:\/\/www.emanegoce.com\/wp-content\/uploads\/2017\/08\/Logo_thetys.jpg&#8221; alt=&#8221;Empresa especializada en productos del mar&#8221; _builder_version=&#8221;3.0.83&#8243; header_font=&#8221;||||||||&#8221; header_text_align=&#8221;center&#8221; header_font_size=&#8221;26px&#8221; custom_padding=&#8221;20px|20px|20px|20px&#8221; box_shadow_style=&#8221;preset1&#8243; custom_css_main_element=&#8221;border-radius: 20px;||overflow: hidden;||background-color: #ffffff;||||||transition: transform 0.3s ease, box-shadow 0.3s ease;||transform-style: preserve-3d;||border-radius: 20px;||||&#038;:hover {||    transform: perspective(600px) rotateX(5deg) rotateY(5deg) scale(1.05);||    box-shadow: 0 20px 30px rgba(0, 0, 0, 0.3);||}||&#8221;][\/et_pb_blurb][\/et_pb_column][et_pb_column type=&#8221;1_2&#8243; _builder_version=&#8221;3.0.83&#8243; parallax=&#8221;off&#8221; parallax_method=&#8221;on&#8221;][et_pb_blurb title=&#8221;KRAKEN&#8221; image=&#8221;http:\/\/www.emanegoce.com\/wp-content\/uploads\/2017\/09\/LOGO-KRAKEN.jpg&#8221; alt=&#8221;Empresa especializada en productos del mar&#8221; _builder_version=&#8221;3.0.83&#8243; header_font=&#8221;||||||||&#8221; header_text_align=&#8221;center&#8221; header_font_size=&#8221;26px&#8221; use_border_color=&#8221;on&#8221; border_width=&#8221;30px&#8221; custom_padding=&#8221;20px|20px|20px|20px&#8221; box_shadow_style=&#8221;preset1&#8243; custom_css_main_element=&#8221;border-radius: 20px;||overflow: hidden;||background-color: #ffffff;||||transition: transform 0.3s ease, box-shadow 0.3s ease;||transform-style: preserve-3d;||border-radius: 20px;||||&#038;:hover {||    transform: perspective(600px) rotateX(5deg) rotateY(-5deg) scale(1.05);||    box-shadow: 0 20px 30px rgba(0, 0, 0, 0.3);||}||||||&#8221;][\/et_pb_blurb][\/et_pb_column][\/et_pb_row][\/et_pb_section][et_pb_section fb_built=&#8221;1&#8243; _builder_version=&#8221;3.0.83&#8243;][et_pb_row _builder_version=&#8221;3.0.83&#8243;][et_pb_column type=&#8221;4_4&#8243; _builder_version=&#8221;3.0.83&#8243; parallax=&#8221;off&#8221; parallax_method=&#8221;on&#8221;][et_pb_button button_url=&#8221;https:\/\/www.emanegoce.com\/es\/contacto-nuevo\/&#8221; button_text=&#8221;Cont\u00e1ctanos&#8221; _builder_version=&#8221;3.0.83&#8243;][\/et_pb_button][\/et_pb_column][\/et_pb_row][\/et_pb_section]<\/p>\n","protected":false},"excerpt":{"rendered":"<p>[et_pb_section fb_built=&#8221;1&#8243; admin_label=&#8221;section&#8221; _builder_version=&#8221;3.0.83&#8243; background_image=&#8221;http:\/\/www.emanegoce.com\/wp-content\/uploads\/fond.webp&#8221; custom_padding=&#8221;54px|0px|54px|0px&#8221; custom_css_main_element=&#8221;background-position: center 60%; \/* modifie le %22%%22 selon le cadrage souhait\u00e9 *\/||&#8221;][et_pb_row admin_label=&#8221;row&#8221; _builder_version=&#8221;3.0.47&#8243; background_size=&#8221;initial&#8221; background_position=&#8221;top_left&#8221; background_repeat=&#8221;repeat&#8221; _i=&#8221;0&#8243; _address=&#8221;0.0&#8243;][et_pb_column type=&#8221;4_4&#8243; _builder_version=&#8221;3.0.47&#8243; parallax=&#8221;off&#8221; parallax_method=&#8221;on&#8221;][et_pb_text admin_label=&#8221;Text&#8221; _builder_version=&#8221;3.0.83&#8243; text_font=&#8221;||||||||&#8221; header_font=&#8221;|600|||||||&#8221; header_font_size=&#8221;45px&#8221; header_text_color=&#8221;#ffffff&#8221; background_size=&#8221;initial&#8221; background_position=&#8221;top_left&#8221; background_repeat=&#8221;repeat&#8221;] Qui\u00e9nes somos ? [\/et_pb_text][\/et_pb_column][\/et_pb_row][\/et_pb_section][et_pb_section fb_built=&#8221;1&#8243; _builder_version=&#8221;3.0.83&#8243; custom_padding=&#8221;54px|0px|0px|0px&#8221;][et_pb_row make_fullwidth=&#8221;on&#8221; custom_padding=&#8221;27px|0px|0px|0px&#8221; _builder_version=&#8221;3.0.83&#8243;][et_pb_column type=&#8221;1_2&#8243; _builder_version=&#8221;3.0.83&#8243; parallax=&#8221;off&#8221; parallax_method=&#8221;on&#8221;][et_pb_text module_class=&#8221;fade-in&#8221; _builder_version=&#8221;3.0.83&#8243; text_font=&#8221;||||||||&#8221; [&hellip;]<\/p>\n","protected":false},"author":4,"featured_media":0,"parent":0,"menu_order":0,"comment_status":"closed","ping_status":"closed","template":"","meta":{"footnotes":""},"class_list":["post-16337","page","type-page","status-publish","hentry"],"yoast_head":"<!-- This site is optimized with the Yoast SEO plugin v25.3.1 - https:\/\/yoast.com\/wordpress\/plugins\/seo\/ -->\n<title>Empresa especializada en productos del mar | EMANEGOCE<\/title>\n<meta name=\"description\" content=\"EMANEGOCE, empresa especializada en productos del mar, comprometida con la calidad, la transparencia y la cercan\u00eda.\" \/>\n<meta name=\"robots\" content=\"index, follow, max-snippet:-1, max-image-preview:large, max-video-preview:-1\" \/>\n<link rel=\"canonical\" href=\"https:\/\/www.emanegoce.com\/es\/quienes-somos\/\" \/>\n<meta property=\"og:locale\" content=\"es_ES\" \/>\n<meta property=\"og:type\" content=\"article\" \/>\n<meta property=\"og:title\" content=\"Empresa especializada en productos del mar | EMANEGOCE\" \/>\n<meta property=\"og:description\" content=\"EMANEGOCE, empresa especializada en productos del mar, comprometida con la calidad, la transparencia y la cercan\u00eda.\" \/>\n<meta property=\"og:url\" content=\"https:\/\/www.emanegoce.com\/es\/quienes-somos\/\" \/>\n<meta property=\"og:site_name\" content=\"EMA NEGOCE\" \/>\n<meta property=\"article:modified_time\" content=\"2025-06-20T15:10:54+00:00\" \/>\n<meta name=\"twitter:card\" content=\"summary_large_image\" \/>\n<meta name=\"twitter:label1\" content=\"Est. reading time\" \/>\n\t<meta name=\"twitter:data1\" content=\"5 minutes\" \/>\n<script type=\"application\/ld+json\" class=\"yoast-schema-graph\">{\"@context\":\"https:\/\/schema.org\",\"@graph\":[{\"@type\":\"WebPage\",\"@id\":\"https:\/\/www.emanegoce.com\/es\/quienes-somos\/\",\"url\":\"https:\/\/www.emanegoce.com\/es\/quienes-somos\/\",\"name\":\"Empresa especializada en productos del mar | EMANEGOCE\",\"isPartOf\":{\"@id\":\"https:\/\/www.emanegoce.com\/#website\"},\"datePublished\":\"2025-06-16T07:42:00+00:00\",\"dateModified\":\"2025-06-20T15:10:54+00:00\",\"description\":\"EMANEGOCE, empresa especializada en productos del mar, comprometida con la calidad, la transparencia y la cercan\u00eda.\",\"breadcrumb\":{\"@id\":\"https:\/\/www.emanegoce.com\/es\/quienes-somos\/#breadcrumb\"},\"inLanguage\":\"es-ES\",\"potentialAction\":[{\"@type\":\"ReadAction\",\"target\":[\"https:\/\/www.emanegoce.com\/es\/quienes-somos\/\"]}]},{\"@type\":\"BreadcrumbList\",\"@id\":\"https:\/\/www.emanegoce.com\/es\/quienes-somos\/#breadcrumb\",\"itemListElement\":[{\"@type\":\"ListItem\",\"position\":1,\"name\":\"Accueil\",\"item\":\"https:\/\/www.emanegoce.com\/es\/\"},{\"@type\":\"ListItem\",\"position\":2,\"name\":\"Qui\u00e9nes somos\"}]},{\"@type\":\"WebSite\",\"@id\":\"https:\/\/www.emanegoce.com\/#website\",\"url\":\"https:\/\/www.emanegoce.com\/\",\"name\":\"EMA NEGOCE\",\"description\":\"Soci\u00e9t\u00e9 D\u2019IMPORT \u2013 EXPORT\",\"publisher\":{\"@id\":\"https:\/\/www.emanegoce.com\/#organization\"},\"potentialAction\":[{\"@type\":\"SearchAction\",\"target\":{\"@type\":\"EntryPoint\",\"urlTemplate\":\"https:\/\/www.emanegoce.com\/?s={search_term_string}\"},\"query-input\":{\"@type\":\"PropertyValueSpecification\",\"valueRequired\":true,\"valueName\":\"search_term_string\"}}],\"inLanguage\":\"es-ES\"},{\"@type\":\"Organization\",\"@id\":\"https:\/\/www.emanegoce.com\/#organization\",\"name\":\"EMA NEGOCE\",\"alternateName\":\"Ema\",\"url\":\"https:\/\/www.emanegoce.com\/\",\"logo\":{\"@type\":\"ImageObject\",\"inLanguage\":\"es-ES\",\"@id\":\"https:\/\/www.emanegoce.com\/#\/schema\/logo\/image\/\",\"url\":\"https:\/\/www.emanegoce.com\/wp-content\/uploads\/2017\/07\/EMA_negoce-logo.png\",\"contentUrl\":\"https:\/\/www.emanegoce.com\/wp-content\/uploads\/2017\/07\/EMA_negoce-logo.png\",\"width\":500,\"height\":292,\"caption\":\"EMA NEGOCE\"},\"image\":{\"@id\":\"https:\/\/www.emanegoce.com\/#\/schema\/logo\/image\/\"}}]}<\/script>\n<!-- \/ Yoast SEO plugin. -->","yoast_head_json":{"title":"Empresa especializada en productos del mar | EMANEGOCE","description":"EMANEGOCE, empresa especializada en productos del mar, comprometida con la calidad, la transparencia y la cercan\u00eda.","robots":{"index":"index","follow":"follow","max-snippet":"max-snippet:-1","max-image-preview":"max-image-preview:large","max-video-preview":"max-video-preview:-1"},"canonical":"https:\/\/www.emanegoce.com\/es\/quienes-somos\/","og_locale":"es_ES","og_type":"article","og_title":"Empresa especializada en productos del mar | EMANEGOCE","og_description":"EMANEGOCE, empresa especializada en productos del mar, comprometida con la calidad, la transparencia y la cercan\u00eda.","og_url":"https:\/\/www.emanegoce.com\/es\/quienes-somos\/","og_site_name":"EMA NEGOCE","article_modified_time":"2025-06-20T15:10:54+00:00","twitter_card":"summary_large_image","twitter_misc":{"Est. reading time":"5 minutes"},"schema":{"@context":"https:\/\/schema.org","@graph":[{"@type":"WebPage","@id":"https:\/\/www.emanegoce.com\/es\/quienes-somos\/","url":"https:\/\/www.emanegoce.com\/es\/quienes-somos\/","name":"Empresa especializada en productos del mar | EMANEGOCE","isPartOf":{"@id":"https:\/\/www.emanegoce.com\/#website"},"datePublished":"2025-06-16T07:42:00+00:00","dateModified":"2025-06-20T15:10:54+00:00","description":"EMANEGOCE, empresa especializada en productos del mar, comprometida con la calidad, la transparencia y la cercan\u00eda.","breadcrumb":{"@id":"https:\/\/www.emanegoce.com\/es\/quienes-somos\/#breadcrumb"},"inLanguage":"es-ES","potentialAction":[{"@type":"ReadAction","target":["https:\/\/www.emanegoce.com\/es\/quienes-somos\/"]}]},{"@type":"BreadcrumbList","@id":"https:\/\/www.emanegoce.com\/es\/quienes-somos\/#breadcrumb","itemListElement":[{"@type":"ListItem","position":1,"name":"Accueil","item":"https:\/\/www.emanegoce.com\/es\/"},{"@type":"ListItem","position":2,"name":"Qui\u00e9nes somos"}]},{"@type":"WebSite","@id":"https:\/\/www.emanegoce.com\/#website","url":"https:\/\/www.emanegoce.com\/","name":"EMA NEGOCE","description":"Soci\u00e9t\u00e9 D\u2019IMPORT \u2013 EXPORT","publisher":{"@id":"https:\/\/www.emanegoce.com\/#organization"},"potentialAction":[{"@type":"SearchAction","target":{"@type":"EntryPoint","urlTemplate":"https:\/\/www.emanegoce.com\/?s={search_term_string}"},"query-input":{"@type":"PropertyValueSpecification","valueRequired":true,"valueName":"search_term_string"}}],"inLanguage":"es-ES"},{"@type":"Organization","@id":"https:\/\/www.emanegoce.com\/#organization","name":"EMA NEGOCE","alternateName":"Ema","url":"https:\/\/www.emanegoce.com\/","logo":{"@type":"ImageObject","inLanguage":"es-ES","@id":"https:\/\/www.emanegoce.com\/#\/schema\/logo\/image\/","url":"https:\/\/www.emanegoce.com\/wp-content\/uploads\/2017\/07\/EMA_negoce-logo.png","contentUrl":"https:\/\/www.emanegoce.com\/wp-content\/uploads\/2017\/07\/EMA_negoce-logo.png","width":500,"height":292,"caption":"EMA NEGOCE"},"image":{"@id":"https:\/\/www.emanegoce.com\/#\/schema\/logo\/image\/"}}]}},"_links":{"self":[{"href":"https:\/\/www.emanegoce.com\/es\/wp-json\/wp\/v2\/pages\/16337","targetHints":{"allow":["GET"]}}],"collection":[{"href":"https:\/\/www.emanegoce.com\/es\/wp-json\/wp\/v2\/pages"}],"about":[{"href":"https:\/\/www.emanegoce.com\/es\/wp-json\/wp\/v2\/types\/page"}],"author":[{"embeddable":true,"href":"https:\/\/www.emanegoce.com\/es\/wp-json\/wp\/v2\/users\/4"}],"replies":[{"embeddable":true,"href":"https:\/\/www.emanegoce.com\/es\/wp-json\/wp\/v2\/comments?post=16337"}],"version-history":[{"count":13,"href":"https:\/\/www.emanegoce.com\/es\/wp-json\/wp\/v2\/pages\/16337\/revisions"}],"predecessor-version":[{"id":16787,"href":"https:\/\/www.emanegoce.com\/es\/wp-json\/wp\/v2\/pages\/16337\/revisions\/16787"}],"wp:attachment":[{"href":"https:\/\/www.emanegoce.com\/es\/wp-json\/wp\/v2\/media?parent=16337"}],"curies":[{"name":"wp","href":"https:\/\/api.w.org\/{rel}","templated":true}]}}