{"id":16367,"date":"2025-06-16T10:34:25","date_gmt":"2025-06-16T08:34:25","guid":{"rendered":"https:\/\/www.emanegoce.com\/nuestro-saber-hacer-2\/"},"modified":"2025-06-20T15:19:36","modified_gmt":"2025-06-20T13:19:36","slug":"nuestro-saber-hacer-2","status":"publish","type":"page","link":"https:\/\/www.emanegoce.com\/es\/nuestro-saber-hacer-2\/","title":{"rendered":"Nuestro saber hacer"},"content":{"rendered":"<p>[et_pb_section fb_built=&#8221;1&#8243; admin_label=&#8221;section&#8221; _builder_version=&#8221;3.0.83&#8243; background_image=&#8221;http:\/\/www.emanegoce.com\/wp-content\/uploads\/fond.webp&#8221; custom_padding=&#8221;54px|0px|54px|0px&#8221; custom_css_main_element=&#8221;background-position: center 60%; \/* modifie le %22%%22 selon le cadrage souhait\u00e9 *\/||&#8221;][et_pb_row admin_label=&#8221;row&#8221; _builder_version=&#8221;3.0.47&#8243; background_size=&#8221;initial&#8221; background_position=&#8221;top_left&#8221; background_repeat=&#8221;repeat&#8221; _i=&#8221;0&#8243; _address=&#8221;0.0&#8243;][et_pb_column type=&#8221;4_4&#8243; _builder_version=&#8221;3.0.47&#8243; parallax=&#8221;off&#8221; parallax_method=&#8221;on&#8221;][et_pb_text admin_label=&#8221;Text&#8221; _builder_version=&#8221;3.0.83&#8243; text_font=&#8221;||||||||&#8221; header_font=&#8221;|600|||||||&#8221; header_font_size=&#8221;45px&#8221; header_text_color=&#8221;#ffffff&#8221; background_size=&#8221;initial&#8221; background_position=&#8221;top_left&#8221; background_repeat=&#8221;repeat&#8221;]<\/p>\n<h1>Nuestro saber hacer<\/h1>\n<p>[\/et_pb_text][\/et_pb_column][\/et_pb_row][\/et_pb_section][et_pb_section fb_built=&#8221;1&#8243; _builder_version=&#8221;3.0.83&#8243; custom_padding=&#8221;54px|0px|0px|0px&#8221;][et_pb_row make_fullwidth=&#8221;on&#8221; _builder_version=&#8221;3.0.83&#8243;][et_pb_column type=&#8221;1_2&#8243; _builder_version=&#8221;3.0.83&#8243; parallax=&#8221;off&#8221; parallax_method=&#8221;on&#8221;][et_pb_image src=&#8221;http:\/\/www.emanegoce.com\/wp-content\/uploads\/2017\/09\/livraison-par-palette.jpg&#8221; alt=&#8221;Comercio internacional&#8221; align=&#8221;center&#8221; _builder_version=&#8221;3.0.83&#8243;][\/et_pb_image][\/et_pb_column][et_pb_column type=&#8221;1_2&#8243; _builder_version=&#8221;3.0.83&#8243; parallax=&#8221;off&#8221; parallax_method=&#8221;on&#8221;][et_pb_text _builder_version=&#8221;3.0.83&#8243; text_font=&#8221;||||||||&#8221; header_font=&#8221;||||||||&#8221; header_2_font=&#8221;|600|||||||&#8221; header_3_font=&#8221;Poppins||||||||&#8221; header_3_text_align=&#8221;left&#8221; header_3_font_size=&#8221;26px&#8221;]<\/p>\n<h2><span style=\"text-decoration: underline;\">Entrega por pal\u00e9<\/span><\/h2>\n<p>[\/et_pb_text][et_pb_text _builder_version=&#8221;3.0.83&#8243; text_font=&#8221;||||||||&#8221; text_font_size=&#8221;20px&#8221; text_text_color=&#8221;#0c0c0c&#8221; header_font=&#8221;||||||||&#8221;]<\/p>\n<p class=\"p1\" style=\"text-align: left;\">En Le Havre importamos y almacenamos productos del mar congelados de todo el mundo.<\/p>\n<p class=\"p1\" style=\"text-align: left;\">La gama que hemos seleccionado consiste esencialmente en camarones &#8216;premium&#8217; procedentes de Senegal\/Nigeria, y productos del mar ex\u00f3ticos que son la base de las cocinas criolla, africana y asi\u00e1tica.<\/p>\n<p class=\"p1\" style=\"text-align: left;\">Todos los d\u00edas, desde El Havre, entregamos palets a mayoristas y tiendas de toda Francia y pa\u00edses vecinos.<\/p>\n<p>[\/et_pb_text][\/et_pb_column][\/et_pb_row][et_pb_row make_fullwidth=&#8221;on&#8221; custom_padding=&#8221;27px|0px|0px|0px&#8221; _builder_version=&#8221;3.0.83&#8243;][et_pb_column type=&#8221;1_2&#8243; _builder_version=&#8221;3.0.83&#8243; parallax=&#8221;off&#8221; parallax_method=&#8221;on&#8221;][et_pb_image src=&#8221;http:\/\/www.emanegoce.com\/wp-content\/uploads\/2017\/09\/livraison-par-container-ema-negoce.jpg&#8221; alt=&#8221;Comercio internacional&#8221; _builder_version=&#8221;3.0.83&#8243;][\/et_pb_image][\/et_pb_column][et_pb_column type=&#8221;1_2&#8243; _builder_version=&#8221;3.0.83&#8243; parallax=&#8221;off&#8221; parallax_method=&#8221;on&#8221;][et_pb_text _builder_version=&#8221;3.0.83&#8243; text_font=&#8221;||||||||&#8221; header_font=&#8221;||||||||&#8221; header_2_font=&#8221;|600|||||||&#8221; header_3_font=&#8221;Poppins||||||||&#8221; header_3_text_align=&#8221;left&#8221; header_3_font_size=&#8221;26px&#8221;]<\/p>\n<h2><span style=\"text-decoration: underline;\">Entrega por contenedor<\/span><\/h2>\n<p>[\/et_pb_text][et_pb_text _builder_version=&#8221;3.0.83&#8243; text_font=&#8221;||||||||&#8221; text_font_size=&#8221;20px&#8221; text_text_color=&#8221;#0c0c0c&#8221; header_font=&#8221;||||||||&#8221;]<\/p>\n<p data-start=\"153\" data-end=\"334\" style=\"text-align: left;\">Para los importadores-mayoristas, ofrecemos contenedores personalizados de productos del mar, enviados directamente desde los pa\u00edses productores a su puerto de destino.<\/p>\n<p data-start=\"336\" data-end=\"352\" style=\"text-align: left;\">Nosotros realizamos:<\/p>\n<ul data-start=\"353\" data-end=\"516\" style=\"text-align: left;\">\n<li data-start=\"353\" data-end=\"449\">\n<p data-start=\"355\" data-end=\"449\">Contenedores de un solo producto para referencias de alta rotaci\u00f3n, como el pescado pel\u00e1gico.<\/p>\n<\/li>\n<li data-start=\"450\" data-end=\"516\">\n<p data-start=\"452\" data-end=\"516\">Contenedores multireferencia, personalizados seg\u00fan sus necesidades.<\/p>\n<\/li>\n<\/ul>\n<p data-start=\"518\" data-end=\"678\" style=\"text-align: left;\">Despu\u00e9s de identificar con precisi\u00f3n sus necesidades, nos encargamos de todo el proceso: desde la producci\u00f3n de la mercanc\u00eda hasta el seguimiento en destino.<\/p>\n<p data-start=\"680\" data-end=\"837\" style=\"text-align: left;\">Nuestra misi\u00f3n no se limita a ofrecer un producto al mejor precio con un servicio log\u00edstico eficiente. La experiencia de nuestros equipos tambi\u00e9n abarca: <\/p>\n<p data-start=\"680\" data-end=\"837\" style=\"text-align: left;\">\n<ul data-start=\"839\" data-end=\"1137\">\n<li data-start=\"839\" data-end=\"927\" style=\"text-align: left;\">\n<p data-start=\"841\" data-end=\"927\">Consejos de compra, basados en nuestro conocimiento de los mercados y la estacionalidad.<\/p>\n<\/li>\n<li data-start=\"928\" data-end=\"956\" style=\"text-align: left;\">\n<p data-start=\"930\" data-end=\"956\">El desarrollo del producto<\/p>\n<\/li>\n<li data-start=\"957\" data-end=\"1027\" style=\"text-align: left;\">\n<p data-start=\"959\" data-end=\"1027\">El desarrollo del embalaje y su conformidad con la legislaci\u00f3n.<\/p>\n<\/li>\n<li data-start=\"1028\" data-end=\"1137\">\n<p data-start=\"1030\" data-end=\"1137\" style=\"text-align: left;\">La garant\u00eda de calidad, gracias a una red de proveedores fiables, agentes e inspectores de calidad.<\/p>\n<\/li>\n<\/ul>\n<p>[\/et_pb_text][\/et_pb_column][\/et_pb_row][\/et_pb_section][et_pb_section fb_built=&#8221;1&#8243; _builder_version=&#8221;3.0.83&#8243; custom_padding=&#8221;39px|0px|54px|0px&#8221;][et_pb_row make_fullwidth=&#8221;on&#8221; custom_padding=&#8221;0px|0px|27px|0px&#8221; _builder_version=&#8221;3.0.83&#8243;][et_pb_column type=&#8221;4_4&#8243; _builder_version=&#8221;3.0.83&#8243; parallax=&#8221;off&#8221; parallax_method=&#8221;on&#8221;][et_pb_text _builder_version=&#8221;3.0.83&#8243; text_font=&#8221;||||||||&#8221; header_font=&#8221;||||||||&#8221; header_2_font=&#8221;|600|||||||&#8221;]<\/p>\n<h2 style=\"text-align: left;\"><span style=\"text-decoration: underline;\">Nuestro saber hacer<\/span><\/h2>\n<p>[\/et_pb_text][\/et_pb_column][\/et_pb_row][et_pb_row _builder_version=&#8221;3.0.83&#8243;][et_pb_column type=&#8221;4_4&#8243; _builder_version=&#8221;3.0.83&#8243; parallax=&#8221;off&#8221; parallax_method=&#8221;on&#8221;][et_pb_text _builder_version=&#8221;3.0.83&#8243; text_font=&#8221;||||||||&#8221; text_font_size=&#8221;20px&#8221; text_text_color=&#8221;#0c0c0c&#8221; header_font=&#8221;||||||||&#8221;]<\/p>\n<p class=\"p1\">Respaldados por 20 a\u00f1os de experiencia, hemos creado una red de suministro basada en asociaciones a largo plazo con proveedores situados en todos los mares del globo.<\/p>\n<p class=\"p1\">\n<p>[\/et_pb_text][\/et_pb_column][\/et_pb_row][et_pb_row _builder_version=&#8221;3.0.83&#8243;][et_pb_column type=&#8221;4_4&#8243; _builder_version=&#8221;3.0.83&#8243; parallax=&#8221;off&#8221; parallax_method=&#8221;on&#8221;][et_pb_image src=&#8221;http:\/\/www.emanegoce.com\/wp-content\/uploads\/carte-corriger.webp&#8221; alt=&#8221;Comercio internacional&#8221; _builder_version=&#8221;3.0.83&#8243;][\/et_pb_image][\/et_pb_column][\/et_pb_row][et_pb_row _builder_version=&#8221;3.0.83&#8243;][et_pb_column type=&#8221;4_4&#8243; _builder_version=&#8221;3.0.83&#8243; parallax=&#8221;off&#8221; parallax_method=&#8221;on&#8221;][et_pb_text _builder_version=&#8221;3.0.83&#8243; text_font=&#8221;||||||||&#8221; text_font_size=&#8221;20px&#8221; text_text_color=&#8221;#0c0c0c&#8221;]<\/p>\n<p class=\"p1\" style=\"text-align: left;\">Este abastecimiento, combinado con la experiencia de nuestros equipos, agentes e inspectores de calidad, nos permite ofrecerle los mejores productos a precios muy competitivos, ya sea desde nuestro stock en Le Havre o mediante contenedores completos enviados directamente desde la zona de producci\u00f3n.<\/p>\n<p>[\/et_pb_text][\/et_pb_column][\/et_pb_row][\/et_pb_section][et_pb_section fb_built=&#8221;1&#8243; _builder_version=&#8221;3.0.83&#8243; custom_padding=&#8221;0px|0px|54px|0px&#8221;][et_pb_row _builder_version=&#8221;3.0.83&#8243;][et_pb_column type=&#8221;4_4&#8243; _builder_version=&#8221;3.0.83&#8243; parallax=&#8221;off&#8221; parallax_method=&#8221;on&#8221;][et_pb_button button_url=&#8221;https:\/\/www.emanegoce.com\/es\/contacto-nuevo\/&#8221; button_text=&#8221;Cont\u00e1ctanos&#8221; _builder_version=&#8221;3.0.83&#8243;][\/et_pb_button][\/et_pb_column][\/et_pb_row][\/et_pb_section]<\/p>\n","protected":false},"excerpt":{"rendered":"<p>[et_pb_section fb_built=&#8221;1&#8243; admin_label=&#8221;section&#8221; _builder_version=&#8221;3.0.83&#8243; background_image=&#8221;http:\/\/www.emanegoce.com\/wp-content\/uploads\/fond.webp&#8221; custom_padding=&#8221;54px|0px|54px|0px&#8221; custom_css_main_element=&#8221;background-position: center 60%; \/* modifie le %22%%22 selon le cadrage souhait\u00e9 *\/||&#8221;][et_pb_row admin_label=&#8221;row&#8221; _builder_version=&#8221;3.0.47&#8243; background_size=&#8221;initial&#8221; background_position=&#8221;top_left&#8221; background_repeat=&#8221;repeat&#8221; _i=&#8221;0&#8243; _address=&#8221;0.0&#8243;][et_pb_column type=&#8221;4_4&#8243; _builder_version=&#8221;3.0.47&#8243; parallax=&#8221;off&#8221; parallax_method=&#8221;on&#8221;][et_pb_text admin_label=&#8221;Text&#8221; _builder_version=&#8221;3.0.83&#8243; text_font=&#8221;||||||||&#8221; header_font=&#8221;|600|||||||&#8221; header_font_size=&#8221;45px&#8221; header_text_color=&#8221;#ffffff&#8221; background_size=&#8221;initial&#8221; background_position=&#8221;top_left&#8221; background_repeat=&#8221;repeat&#8221;] Nuestro saber hacer [\/et_pb_text][\/et_pb_column][\/et_pb_row][\/et_pb_section][et_pb_section fb_built=&#8221;1&#8243; _builder_version=&#8221;3.0.83&#8243; custom_padding=&#8221;54px|0px|0px|0px&#8221;][et_pb_row make_fullwidth=&#8221;on&#8221; _builder_version=&#8221;3.0.83&#8243;][et_pb_column type=&#8221;1_2&#8243; _builder_version=&#8221;3.0.83&#8243; parallax=&#8221;off&#8221; parallax_method=&#8221;on&#8221;][et_pb_image src=&#8221;http:\/\/www.emanegoce.com\/wp-content\/uploads\/2017\/09\/livraison-par-palette.jpg&#8221; alt=&#8221;Comercio internacional&#8221; align=&#8221;center&#8221; [&hellip;]<\/p>\n","protected":false},"author":4,"featured_media":0,"parent":0,"menu_order":0,"comment_status":"closed","ping_status":"closed","template":"","meta":{"footnotes":""},"class_list":["post-16367","page","type-page","status-publish","hentry"],"yoast_head":"<!-- This site is optimized with the Yoast SEO plugin v25.3.1 - https:\/\/yoast.com\/wordpress\/plugins\/seo\/ -->\n<title>Comercio Internacional de Productos del Mar \u2013 EMANEGOCE<\/title>\n<meta name=\"description\" content=\"EMANEGOCE, experto en comercio internacional, le garantiza productos del mar que combinan calidad, frescura y trazabilidad.\" \/>\n<meta name=\"robots\" content=\"index, follow, max-snippet:-1, max-image-preview:large, max-video-preview:-1\" \/>\n<link rel=\"canonical\" href=\"https:\/\/www.emanegoce.com\/es\/nuestro-saber-hacer-2\/\" \/>\n<meta property=\"og:locale\" content=\"es_ES\" \/>\n<meta property=\"og:type\" content=\"article\" \/>\n<meta property=\"og:title\" content=\"Comercio Internacional de Productos del Mar \u2013 EMANEGOCE\" \/>\n<meta property=\"og:description\" content=\"EMANEGOCE, experto en comercio internacional, le garantiza productos del mar que combinan calidad, frescura y trazabilidad.\" \/>\n<meta property=\"og:url\" content=\"https:\/\/www.emanegoce.com\/es\/nuestro-saber-hacer-2\/\" \/>\n<meta property=\"og:site_name\" content=\"EMA NEGOCE\" \/>\n<meta property=\"article:modified_time\" content=\"2025-06-20T13:19:36+00:00\" \/>\n<meta name=\"twitter:card\" content=\"summary_large_image\" \/>\n<meta name=\"twitter:label1\" content=\"Est. reading time\" \/>\n\t<meta name=\"twitter:data1\" content=\"4 minutes\" \/>\n<script type=\"application\/ld+json\" class=\"yoast-schema-graph\">{\"@context\":\"https:\/\/schema.org\",\"@graph\":[{\"@type\":\"WebPage\",\"@id\":\"https:\/\/www.emanegoce.com\/es\/nuestro-saber-hacer-2\/\",\"url\":\"https:\/\/www.emanegoce.com\/es\/nuestro-saber-hacer-2\/\",\"name\":\"Comercio Internacional de Productos del Mar \u2013 EMANEGOCE\",\"isPartOf\":{\"@id\":\"https:\/\/www.emanegoce.com\/#website\"},\"datePublished\":\"2025-06-16T08:34:25+00:00\",\"dateModified\":\"2025-06-20T13:19:36+00:00\",\"description\":\"EMANEGOCE, experto en comercio internacional, le garantiza productos del mar que combinan calidad, frescura y trazabilidad.\",\"breadcrumb\":{\"@id\":\"https:\/\/www.emanegoce.com\/es\/nuestro-saber-hacer-2\/#breadcrumb\"},\"inLanguage\":\"es-ES\",\"potentialAction\":[{\"@type\":\"ReadAction\",\"target\":[\"https:\/\/www.emanegoce.com\/es\/nuestro-saber-hacer-2\/\"]}]},{\"@type\":\"BreadcrumbList\",\"@id\":\"https:\/\/www.emanegoce.com\/es\/nuestro-saber-hacer-2\/#breadcrumb\",\"itemListElement\":[{\"@type\":\"ListItem\",\"position\":1,\"name\":\"Accueil\",\"item\":\"https:\/\/www.emanegoce.com\/es\/\"},{\"@type\":\"ListItem\",\"position\":2,\"name\":\"Nuestro saber hacer\"}]},{\"@type\":\"WebSite\",\"@id\":\"https:\/\/www.emanegoce.com\/#website\",\"url\":\"https:\/\/www.emanegoce.com\/\",\"name\":\"EMA NEGOCE\",\"description\":\"Soci\u00e9t\u00e9 D\u2019IMPORT \u2013 EXPORT\",\"publisher\":{\"@id\":\"https:\/\/www.emanegoce.com\/#organization\"},\"potentialAction\":[{\"@type\":\"SearchAction\",\"target\":{\"@type\":\"EntryPoint\",\"urlTemplate\":\"https:\/\/www.emanegoce.com\/?s={search_term_string}\"},\"query-input\":{\"@type\":\"PropertyValueSpecification\",\"valueRequired\":true,\"valueName\":\"search_term_string\"}}],\"inLanguage\":\"es-ES\"},{\"@type\":\"Organization\",\"@id\":\"https:\/\/www.emanegoce.com\/#organization\",\"name\":\"EMA NEGOCE\",\"alternateName\":\"Ema\",\"url\":\"https:\/\/www.emanegoce.com\/\",\"logo\":{\"@type\":\"ImageObject\",\"inLanguage\":\"es-ES\",\"@id\":\"https:\/\/www.emanegoce.com\/#\/schema\/logo\/image\/\",\"url\":\"https:\/\/www.emanegoce.com\/wp-content\/uploads\/2017\/07\/EMA_negoce-logo.png\",\"contentUrl\":\"https:\/\/www.emanegoce.com\/wp-content\/uploads\/2017\/07\/EMA_negoce-logo.png\",\"width\":500,\"height\":292,\"caption\":\"EMA NEGOCE\"},\"image\":{\"@id\":\"https:\/\/www.emanegoce.com\/#\/schema\/logo\/image\/\"}}]}<\/script>\n<!-- \/ Yoast SEO plugin. -->","yoast_head_json":{"title":"Comercio Internacional de Productos del Mar \u2013 EMANEGOCE","description":"EMANEGOCE, experto en comercio internacional, le garantiza productos del mar que combinan calidad, frescura y trazabilidad.","robots":{"index":"index","follow":"follow","max-snippet":"max-snippet:-1","max-image-preview":"max-image-preview:large","max-video-preview":"max-video-preview:-1"},"canonical":"https:\/\/www.emanegoce.com\/es\/nuestro-saber-hacer-2\/","og_locale":"es_ES","og_type":"article","og_title":"Comercio Internacional de Productos del Mar \u2013 EMANEGOCE","og_description":"EMANEGOCE, experto en comercio internacional, le garantiza productos del mar que combinan calidad, frescura y trazabilidad.","og_url":"https:\/\/www.emanegoce.com\/es\/nuestro-saber-hacer-2\/","og_site_name":"EMA NEGOCE","article_modified_time":"2025-06-20T13:19:36+00:00","twitter_card":"summary_large_image","twitter_misc":{"Est. reading time":"4 minutes"},"schema":{"@context":"https:\/\/schema.org","@graph":[{"@type":"WebPage","@id":"https:\/\/www.emanegoce.com\/es\/nuestro-saber-hacer-2\/","url":"https:\/\/www.emanegoce.com\/es\/nuestro-saber-hacer-2\/","name":"Comercio Internacional de Productos del Mar \u2013 EMANEGOCE","isPartOf":{"@id":"https:\/\/www.emanegoce.com\/#website"},"datePublished":"2025-06-16T08:34:25+00:00","dateModified":"2025-06-20T13:19:36+00:00","description":"EMANEGOCE, experto en comercio internacional, le garantiza productos del mar que combinan calidad, frescura y trazabilidad.","breadcrumb":{"@id":"https:\/\/www.emanegoce.com\/es\/nuestro-saber-hacer-2\/#breadcrumb"},"inLanguage":"es-ES","potentialAction":[{"@type":"ReadAction","target":["https:\/\/www.emanegoce.com\/es\/nuestro-saber-hacer-2\/"]}]},{"@type":"BreadcrumbList","@id":"https:\/\/www.emanegoce.com\/es\/nuestro-saber-hacer-2\/#breadcrumb","itemListElement":[{"@type":"ListItem","position":1,"name":"Accueil","item":"https:\/\/www.emanegoce.com\/es\/"},{"@type":"ListItem","position":2,"name":"Nuestro saber hacer"}]},{"@type":"WebSite","@id":"https:\/\/www.emanegoce.com\/#website","url":"https:\/\/www.emanegoce.com\/","name":"EMA NEGOCE","description":"Soci\u00e9t\u00e9 D\u2019IMPORT \u2013 EXPORT","publisher":{"@id":"https:\/\/www.emanegoce.com\/#organization"},"potentialAction":[{"@type":"SearchAction","target":{"@type":"EntryPoint","urlTemplate":"https:\/\/www.emanegoce.com\/?s={search_term_string}"},"query-input":{"@type":"PropertyValueSpecification","valueRequired":true,"valueName":"search_term_string"}}],"inLanguage":"es-ES"},{"@type":"Organization","@id":"https:\/\/www.emanegoce.com\/#organization","name":"EMA NEGOCE","alternateName":"Ema","url":"https:\/\/www.emanegoce.com\/","logo":{"@type":"ImageObject","inLanguage":"es-ES","@id":"https:\/\/www.emanegoce.com\/#\/schema\/logo\/image\/","url":"https:\/\/www.emanegoce.com\/wp-content\/uploads\/2017\/07\/EMA_negoce-logo.png","contentUrl":"https:\/\/www.emanegoce.com\/wp-content\/uploads\/2017\/07\/EMA_negoce-logo.png","width":500,"height":292,"caption":"EMA NEGOCE"},"image":{"@id":"https:\/\/www.emanegoce.com\/#\/schema\/logo\/image\/"}}]}},"_links":{"self":[{"href":"https:\/\/www.emanegoce.com\/es\/wp-json\/wp\/v2\/pages\/16367","targetHints":{"allow":["GET"]}}],"collection":[{"href":"https:\/\/www.emanegoce.com\/es\/wp-json\/wp\/v2\/pages"}],"about":[{"href":"https:\/\/www.emanegoce.com\/es\/wp-json\/wp\/v2\/types\/page"}],"author":[{"embeddable":true,"href":"https:\/\/www.emanegoce.com\/es\/wp-json\/wp\/v2\/users\/4"}],"replies":[{"embeddable":true,"href":"https:\/\/www.emanegoce.com\/es\/wp-json\/wp\/v2\/comments?post=16367"}],"version-history":[{"count":13,"href":"https:\/\/www.emanegoce.com\/es\/wp-json\/wp\/v2\/pages\/16367\/revisions"}],"predecessor-version":[{"id":16717,"href":"https:\/\/www.emanegoce.com\/es\/wp-json\/wp\/v2\/pages\/16367\/revisions\/16717"}],"wp:attachment":[{"href":"https:\/\/www.emanegoce.com\/es\/wp-json\/wp\/v2\/media?parent=16367"}],"curies":[{"name":"wp","href":"https:\/\/api.w.org\/{rel}","templated":true}]}}